{"id":4542,"date":"2024-03-11T09:59:26","date_gmt":"2024-03-11T08:59:26","guid":{"rendered":"http:\/\/wordpress.p663189.webspaceconfig.de\/sayi-1\/"},"modified":"2024-03-29T10:59:13","modified_gmt":"2024-03-29T09:59:13","slug":"sayi-1","status":"publish","type":"page","link":"https:\/\/limelight.baumit.com\/tr\/","title":{"rendered":"Say\u0131 1"},"content":{"rendered":"\t\t<div data-elementor-type=\"wp-page\" data-elementor-id=\"4542\" class=\"elementor elementor-4542 elementor-175\">\n\t\t\t\t\t\t<section class=\"elementor-section elementor-top-section elementor-element elementor-element-1edbb27d elementor-section-boxed elementor-section-height-default elementor-section-height-default\" data-id=\"1edbb27d\" data-element_type=\"section\" data-settings=\"{&quot;background_background&quot;:&quot;classic&quot;}\">\n\t\t\t\t\t\t<div class=\"elementor-container elementor-column-gap-default\">\n\t\t\t\t\t<div class=\"elementor-column elementor-col-100 elementor-top-column elementor-element elementor-element-67c4f54\" data-id=\"67c4f54\" data-element_type=\"column\" data-settings=\"{&quot;background_background&quot;:&quot;classic&quot;}\">\n\t\t\t<div class=\"elementor-widget-wrap elementor-element-populated\">\n\t\t\t\t\t\t<div class=\"elementor-element elementor-element-37c0082 elementor-widget elementor-widget-text-editor\" data-id=\"37c0082\" data-element_type=\"widget\" data-widget_type=\"text-editor.default\">\n\t\t\t\t<div class=\"elementor-widget-container\">\n\t\t\t<style>\/*! elementor - v3.21.0 - 15-04-2024 *\/\n.elementor-widget-text-editor.elementor-drop-cap-view-stacked .elementor-drop-cap{background-color:#69727d;color:#fff}.elementor-widget-text-editor.elementor-drop-cap-view-framed .elementor-drop-cap{color:#69727d;border:3px solid;background-color:transparent}.elementor-widget-text-editor:not(.elementor-drop-cap-view-default) .elementor-drop-cap{margin-top:8px}.elementor-widget-text-editor:not(.elementor-drop-cap-view-default) .elementor-drop-cap-letter{width:1em;height:1em}.elementor-widget-text-editor .elementor-drop-cap{float:left;text-align:center;line-height:1;font-size:50px}.elementor-widget-text-editor .elementor-drop-cap-letter{display:inline-block}<\/style>\t\t\t\t<p>Hedefler<\/p>\n\t\t\t\t\t\t<\/div>\n\t\t\t\t<\/div>\n\t\t\t\t<div class=\"elementor-element elementor-element-2a12fb24 elementor-widget elementor-widget-text-editor\" data-id=\"2a12fb24\" data-element_type=\"widget\" data-widget_type=\"text-editor.default\">\n\t\t\t\t<div class=\"elementor-widget-container\">\n\t\t\t\t\t\t\t<p>2030<\/p>\n\t\t\t\t\t\t<\/div>\n\t\t\t\t<\/div>\n\t\t\t\t<div class=\"elementor-element elementor-element-66758d31 elementor-widget__width-initial elementor-widget-mobile__width-inherit elementor-widget elementor-widget-text-editor\" data-id=\"66758d31\" data-element_type=\"widget\" data-widget_type=\"text-editor.default\">\n\t\t\t\t<div class=\"elementor-widget-container\">\n\t\t\t\t\t\t\t<p>Birlikte onlara ula\u015fabiliriz.<\/p>\n\t\t\t\t\t\t<\/div>\n\t\t\t\t<\/div>\n\t\t\t\t\t<\/div>\n\t\t<\/div>\n\t\t\t\t\t<\/div>\n\t\t<\/section>\n\t\t\t\t<section class=\"elementor-section elementor-top-section elementor-element elementor-element-3f99a2ed elementor-section-boxed elementor-section-height-default elementor-section-height-default\" data-id=\"3f99a2ed\" data-element_type=\"section\">\n\t\t\t\t\t\t<div class=\"elementor-container elementor-column-gap-default\">\n\t\t\t\t\t<div class=\"elementor-column elementor-col-100 elementor-top-column elementor-element elementor-element-28cebd8c\" data-id=\"28cebd8c\" data-element_type=\"column\">\n\t\t\t<div class=\"elementor-widget-wrap elementor-element-populated\">\n\t\t\t\t\t\t<div class=\"elementor-element elementor-element-74d5ff2b elementor-widget elementor-widget-seoc-articles\" data-id=\"74d5ff2b\" data-element_type=\"widget\" data-widget_type=\"seoc-articles.default\">\n\t\t\t\t<div class=\"elementor-widget-container\">\n\t\t\t<div class=\"seoc-articles-grid\"><div class=\"grid-sizer\"><\/div><div class=\"gutter-sizer\"><\/div><article class=\"grid-item\">\n                    <figure><img fetchpriority=\"high\" decoding=\"async\" width=\"2560\" height=\"1920\" src=\"https:\/\/limelight.baumit.com\/wp-content\/uploads\/DSF0078-scaled.webp\" class=\"attachment-full size-full wp-post-image\" alt=\"\" srcset=\"https:\/\/limelight.baumit.com\/wp-content\/uploads\/DSF0078-scaled.webp 2560w, https:\/\/limelight.baumit.com\/wp-content\/uploads\/DSF0078-300x225.webp 300w, https:\/\/limelight.baumit.com\/wp-content\/uploads\/DSF0078-1024x768.webp 1024w, https:\/\/limelight.baumit.com\/wp-content\/uploads\/DSF0078-768x576.webp 768w, https:\/\/limelight.baumit.com\/wp-content\/uploads\/DSF0078-1536x1152.webp 1536w, https:\/\/limelight.baumit.com\/wp-content\/uploads\/DSF0078-2048x1536.webp 2048w\" sizes=\"(max-width: 2560px) 100vw, 2560px\" \/><\/figure>\n                    <h2>S\u00fcrd\u00fcr\u00fclebilir bir gelecek vizyonumuz<\/h2>\n                    <p>\u00c7al\u0131\u015ft\u0131\u011f\u0131m\u0131z b\u00f6lge veya \u00fclkeden ba\u011f\u0131ms\u0131z olarak,<br \/>\nHepimizin akl\u0131nda bir hedef var. Kurumsal de\u011ferlerimiz bize rehberlik ediyor<br \/>\nOraya giderken. Bu hedef bizim vizyonumuzdur.<\/p>\n\n                    <a href=\"https:\/\/limelight.baumit.com\/tr\/artikel\/suerdueruelebilir-bir-gelecek-vizyonumuz\/\">Daha fazla bilgi edinin<\/a>\n                <\/article><article class=\"grid-item\">\n                    <figure><img decoding=\"async\" width=\"944\" height=\"388\" src=\"https:\/\/limelight.baumit.com\/wp-content\/uploads\/Go2morrowWelt-Kopie.webp\" class=\"attachment-full size-full wp-post-image\" alt=\"\" srcset=\"https:\/\/limelight.baumit.com\/wp-content\/uploads\/Go2morrowWelt-Kopie.webp 944w, https:\/\/limelight.baumit.com\/wp-content\/uploads\/Go2morrowWelt-Kopie-300x123.webp 300w, https:\/\/limelight.baumit.com\/wp-content\/uploads\/Go2morrowWelt-Kopie-768x316.webp 768w\" sizes=\"(max-width: 944px) 100vw, 944px\" \/><\/figure>\n                    <h2>Bizim i\u00e7in s\u00fcrd\u00fcr\u00fclebilir olmak \u015fu anlama gelir<\/h2>\n                    <p>yar\u0131n i\u00e7in bug\u00fcnden harekete ge\u00e7in. 24 \u00fclkenin tamam\u0131 bir arada. B\u00f6ylece d\u00fcnyam\u0131z yar\u0131n da ayakta kalacak. Tek kelimeyle: GO2morrow.<\/p>\n\n                    <a href=\"https:\/\/limelight.baumit.com\/tr\/artikel\/bizim-icin-suerdueruelebilir-olmak-su-anlama-gelir\/\">Daha fazla bilgi edinin<\/a>\n                <\/article><article class=\"grid-item\">\n                    <figure><img decoding=\"async\" width=\"510\" height=\"383\" src=\"https:\/\/limelight.baumit.com\/wp-content\/uploads\/Dorijan_Rajkovic_CEO_Baumit_Group_01.webp\" class=\"attachment-full size-full wp-post-image\" alt=\"\" srcset=\"https:\/\/limelight.baumit.com\/wp-content\/uploads\/Dorijan_Rajkovic_CEO_Baumit_Group_01.webp 510w, https:\/\/limelight.baumit.com\/wp-content\/uploads\/Dorijan_Rajkovic_CEO_Baumit_Group_01-300x225.webp 300w\" sizes=\"(max-width: 510px) 100vw, 510px\" \/><\/figure>\n                    <h2>Dorijan Rajkovi\u0107 ile r\u00f6portaj,<\/h2>\n                    <p>Baumit International'\u0131n Genel M\u00fcd\u00fcr\u00fc<\/p>\n\n                    <a href=\"https:\/\/limelight.baumit.com\/tr\/artikel\/dorijan-rajkovic-ile-roeportaj\/\">Daha fazla bilgi edinin<\/a>\n                <\/article><article class=\"grid-item\">\n                    <figure><img loading=\"lazy\" decoding=\"async\" width=\"1761\" height=\"814\" src=\"https:\/\/limelight.baumit.com\/wp-content\/uploads\/BM_LimeLight_24_EN_RZ.webp\" class=\"attachment-full size-full wp-post-image\" alt=\"\" srcset=\"https:\/\/limelight.baumit.com\/wp-content\/uploads\/BM_LimeLight_24_EN_RZ.webp 1761w, https:\/\/limelight.baumit.com\/wp-content\/uploads\/BM_LimeLight_24_EN_RZ-300x139.webp 300w, https:\/\/limelight.baumit.com\/wp-content\/uploads\/BM_LimeLight_24_EN_RZ-1024x473.webp 1024w, https:\/\/limelight.baumit.com\/wp-content\/uploads\/BM_LimeLight_24_EN_RZ-768x355.webp 768w, https:\/\/limelight.baumit.com\/wp-content\/uploads\/BM_LimeLight_24_EN_RZ-1536x710.webp 1536w\" sizes=\"(max-width: 1761px) 100vw, 1761px\" \/><\/figure>\n                    <h2>G\u00fcndemde<\/h2>\n                    <p>\u00c7al\u0131\u015fma arkada\u015flar\u0131m\u0131z\u0131 neyin motive etti\u011fini ve onlara neyin ilham verdi\u011fini \u00f6\u011frenin.<\/p>\n\n                    <a href=\"https:\/\/limelight.baumit.com\/tr\/artikel\/guendemde\/\">Daha fazla bilgi edinin<\/a>\n                <\/article><article class=\"grid-item\">\n                    <figure><img loading=\"lazy\" decoding=\"async\" width=\"2560\" height=\"1440\" src=\"https:\/\/limelight.baumit.com\/wp-content\/uploads\/Wittenborn_das-Areal-bietet-Platz-und-Kapazitaeten-scaled.webp\" class=\"attachment-full size-full wp-post-image\" alt=\"\" srcset=\"https:\/\/limelight.baumit.com\/wp-content\/uploads\/Wittenborn_das-Areal-bietet-Platz-und-Kapazitaeten-scaled.webp 2560w, https:\/\/limelight.baumit.com\/wp-content\/uploads\/Wittenborn_das-Areal-bietet-Platz-und-Kapazitaeten-300x169.webp 300w, https:\/\/limelight.baumit.com\/wp-content\/uploads\/Wittenborn_das-Areal-bietet-Platz-und-Kapazitaeten-1024x576.webp 1024w, https:\/\/limelight.baumit.com\/wp-content\/uploads\/Wittenborn_das-Areal-bietet-Platz-und-Kapazitaeten-768x432.webp 768w, https:\/\/limelight.baumit.com\/wp-content\/uploads\/Wittenborn_das-Areal-bietet-Platz-und-Kapazitaeten-1536x864.webp 1536w, https:\/\/limelight.baumit.com\/wp-content\/uploads\/Wittenborn_das-Areal-bietet-Platz-und-Kapazitaeten-2048x1152.webp 2048w\" sizes=\"(max-width: 2560px) 100vw, 2560px\" \/><\/figure>\n                    <h2>\u00dcretim d\u00fcnyam\u0131zdan haberler<\/h2>\n                    <p>B\u00f6lgedeki en y\u00fcksek end\u00fcstriyel binadan Schleswig-Holstein manzaras\u0131 e\u015fli\u011finde son teknoloji \u00fcretim teknolojisi.<\/p>\n\n                    <a href=\"https:\/\/limelight.baumit.com\/tr\/artikel\/ueretim-duenyamizdan-haberler\/\">Daha fazla bilgi edinin<\/a>\n                <\/article><\/div>\t\t<\/div>\n\t\t\t\t<\/div>\n\t\t\t\t\t<\/div>\n\t\t<\/div>\n\t\t\t\t\t<\/div>\n\t\t<\/section>\n\t\t\t\t<section class=\"elementor-section elementor-top-section elementor-element elementor-element-36892e45 elementor-section-boxed elementor-section-height-default elementor-section-height-default\" data-id=\"36892e45\" data-element_type=\"section\" data-settings=\"{&quot;background_background&quot;:&quot;classic&quot;}\">\n\t\t\t\t\t\t<div class=\"elementor-container elementor-column-gap-default\">\n\t\t\t\t\t<div class=\"elementor-column elementor-col-100 elementor-top-column elementor-element elementor-element-1f7ac6b2\" data-id=\"1f7ac6b2\" data-element_type=\"column\">\n\t\t\t<div class=\"elementor-widget-wrap elementor-element-populated\">\n\t\t\t\t\t\t<div class=\"elementor-element elementor-element-50215b11 elementor-widget elementor-widget-heading\" data-id=\"50215b11\" data-element_type=\"widget\" data-widget_type=\"heading.default\">\n\t\t\t\t<div class=\"elementor-widget-container\">\n\t\t\t<style>\/*! elementor - v3.21.0 - 15-04-2024 *\/\n.elementor-heading-title{padding:0;margin:0;line-height:1}.elementor-widget-heading .elementor-heading-title[class*=elementor-size-]>a{color:inherit;font-size:inherit;line-height:inherit}.elementor-widget-heading .elementor-heading-title.elementor-size-small{font-size:15px}.elementor-widget-heading .elementor-heading-title.elementor-size-medium{font-size:19px}.elementor-widget-heading .elementor-heading-title.elementor-size-large{font-size:29px}.elementor-widget-heading .elementor-heading-title.elementor-size-xl{font-size:39px}.elementor-widget-heading .elementor-heading-title.elementor-size-xxl{font-size:59px}<\/style><h2 class=\"elementor-heading-title elementor-size-default\">News<\/h2>\t\t<\/div>\n\t\t\t\t<\/div>\n\t\t\t\t<div class=\"elementor-element elementor-element-2e51961c elementor-widget elementor-widget-seoc-post-carousel\" data-id=\"2e51961c\" data-element_type=\"widget\" data-widget_type=\"seoc-post-carousel.default\">\n\t\t\t\t<div class=\"elementor-widget-container\">\n\t\t\t<div class=\"seoc-posts-carousel\"><article>\n                    <figure><img loading=\"lazy\" decoding=\"async\" width=\"300\" height=\"200\" src=\"https:\/\/limelight.baumit.com\/wp-content\/uploads\/Baumit_BFK_Gaeste1-300x200.webp\" class=\"attachment-medium size-medium wp-post-image\" alt=\"\" srcset=\"https:\/\/limelight.baumit.com\/wp-content\/uploads\/Baumit_BFK_Gaeste1-300x200.webp 300w, https:\/\/limelight.baumit.com\/wp-content\/uploads\/Baumit_BFK_Gaeste1.webp 600w\" sizes=\"(max-width: 300px) 100vw, 300px\" \/><\/figure>\n                    <h3>I\u0307N\u015eAAT KONGRESI\u0307<\/h3>\n                    <p>1.250 konuk etkinli\u011fe seyahat etmi\u015f ve kongreyi in\u015faat sekt\u00f6r\u00fc i\u00e7in a\u011f kurmak amac\u0131yla kullanm\u0131\u015ft\u0131r.<\/p>\n\n                    <a href=\"https:\/\/limelight.baumit.com\/tr\/insaat-kongresi\/\">Daha fazla bilgi edinin<\/a>\n                <\/article><article>\n                    <figure><img loading=\"lazy\" decoding=\"async\" width=\"300\" height=\"173\" src=\"https:\/\/limelight.baumit.com\/wp-content\/uploads\/beitrag-2-300x173.jpg\" class=\"attachment-medium size-medium wp-post-image\" alt=\"\" srcset=\"https:\/\/limelight.baumit.com\/wp-content\/uploads\/beitrag-2-300x173.jpg 300w, https:\/\/limelight.baumit.com\/wp-content\/uploads\/beitrag-2.jpg 480w\" sizes=\"(max-width: 300px) 100vw, 300px\" \/><\/figure>\n                    <h3>EAE-\u00fcyeli\u011fi<\/h3>\n                    <p>EAE, \"European Association for External Thermal Insulation Composite Systems \"\u0131n k\u0131saltmas\u0131d\u0131r.<\/p>\n\n                    <a href=\"https:\/\/limelight.baumit.com\/tr\/eae-ueyeligi\/\">Daha fazla bilgi edinin<\/a>\n                <\/article><article>\n                    <figure><img loading=\"lazy\" decoding=\"async\" width=\"300\" height=\"200\" src=\"https:\/\/limelight.baumit.com\/wp-content\/uploads\/DSC4571_DSC4571-300x200.webp\" class=\"attachment-medium size-medium wp-post-image\" alt=\"\" srcset=\"https:\/\/limelight.baumit.com\/wp-content\/uploads\/DSC4571_DSC4571-300x200.webp 300w, https:\/\/limelight.baumit.com\/wp-content\/uploads\/DSC4571_DSC4571-1024x683.webp 1024w, https:\/\/limelight.baumit.com\/wp-content\/uploads\/DSC4571_DSC4571-768x512.webp 768w, https:\/\/limelight.baumit.com\/wp-content\/uploads\/DSC4571_DSC4571.webp 1377w\" sizes=\"(max-width: 300px) 100vw, 300px\" \/><\/figure>\n                    <h3>Ticaret Fuarlar\u0131<\/h3>\n                    <p>Koronavir\u00fcs pandemisi nedeniyle verilen d\u00f6rt y\u0131ll\u0131k aran\u0131n ard\u0131ndan BAU fuar\u0131 Nisan 2023'te tekrar M\u00fcnih'te d\u00fczenlendi.  <\/p>\n\n                    <a href=\"https:\/\/limelight.baumit.com\/tr\/ticaret-fuarlari\/\">Daha fazla bilgi edinin<\/a>\n                <\/article><article>\n                    <figure><img loading=\"lazy\" decoding=\"async\" width=\"300\" height=\"173\" src=\"https:\/\/limelight.baumit.com\/wp-content\/uploads\/betrag-4-300x173.jpg\" class=\"attachment-medium size-medium wp-post-image\" alt=\"\" srcset=\"https:\/\/limelight.baumit.com\/wp-content\/uploads\/betrag-4-300x173.jpg 300w, https:\/\/limelight.baumit.com\/wp-content\/uploads\/betrag-4.jpg 480w\" sizes=\"(max-width: 300px) 100vw, 300px\" \/><\/figure>\n                    <h3>Spor<\/h3>\n                    <p>Baumit Bosna Hersek mini futbol ate\u015fi i\u00e7inde<\/p>\n\n                    <a href=\"https:\/\/limelight.baumit.com\/tr\/spor\/\">Daha fazla bilgi edinin<\/a>\n                <\/article><\/div>\t\t<\/div>\n\t\t\t\t<\/div>\n\t\t\t\t\t<\/div>\n\t\t<\/div>\n\t\t\t\t\t<\/div>\n\t\t<\/section>\n\t\t\t\t<section class=\"elementor-section elementor-top-section elementor-element elementor-element-5a441013 elementor-section-boxed elementor-section-height-default elementor-section-height-default\" data-id=\"5a441013\" data-element_type=\"section\">\n\t\t\t\t\t\t<div class=\"elementor-container elementor-column-gap-default\">\n\t\t\t\t\t<div class=\"elementor-column elementor-col-100 elementor-top-column elementor-element elementor-element-2248eacf\" data-id=\"2248eacf\" data-element_type=\"column\">\n\t\t\t<div class=\"elementor-widget-wrap elementor-element-populated\">\n\t\t\t\t\t\t<div class=\"elementor-element elementor-element-5ab1a98e elementor-widget elementor-widget-seoc-articles\" data-id=\"5ab1a98e\" data-element_type=\"widget\" data-widget_type=\"seoc-articles.default\">\n\t\t\t\t<div class=\"elementor-widget-container\">\n\t\t\t<div class=\"seoc-articles-grid\"><div class=\"grid-sizer\"><\/div><div class=\"gutter-sizer\"><\/div><article class=\"grid-item\">\n                    <figure><img loading=\"lazy\" decoding=\"async\" width=\"858\" height=\"558\" src=\"https:\/\/limelight.baumit.com\/wp-content\/uploads\/Putties-Guy2.webp\" class=\"attachment-full size-full wp-post-image\" alt=\"\" srcset=\"https:\/\/limelight.baumit.com\/wp-content\/uploads\/Putties-Guy2.webp 858w, https:\/\/limelight.baumit.com\/wp-content\/uploads\/Putties-Guy2-300x195.webp 300w, https:\/\/limelight.baumit.com\/wp-content\/uploads\/Putties-Guy2-768x499.webp 768w\" sizes=\"(max-width: 858px) 100vw, 858px\" \/><\/figure>\n                    <h2>Experts always finish first<\/h2>\n                    <p>Herkes iyi bir i\u00e7 mekan iklimi ister. Baumit mineral i\u00e7 cephe s\u0131valar\u0131 buna \u00f6nemli bir katk\u0131 sa\u011fl\u0131yor.<\/p>\n\n                    <a href=\"https:\/\/limelight.baumit.com\/tr\/artikel\/uzmanlar-her-zaman-oence-bitirir\/\">Daha fazla bilgi edinin<\/a>\n                <\/article><article class=\"grid-item\">\n                    <figure><img loading=\"lazy\" decoding=\"async\" width=\"2560\" height=\"942\" src=\"https:\/\/limelight.baumit.com\/wp-content\/uploads\/BAUMIT-CrystalTop-KV-narrow_cropped-scaled.webp\" class=\"attachment-full size-full wp-post-image\" alt=\"\" srcset=\"https:\/\/limelight.baumit.com\/wp-content\/uploads\/BAUMIT-CrystalTop-KV-narrow_cropped-scaled.webp 2560w, https:\/\/limelight.baumit.com\/wp-content\/uploads\/BAUMIT-CrystalTop-KV-narrow_cropped-300x110.webp 300w, https:\/\/limelight.baumit.com\/wp-content\/uploads\/BAUMIT-CrystalTop-KV-narrow_cropped-1024x377.webp 1024w, https:\/\/limelight.baumit.com\/wp-content\/uploads\/BAUMIT-CrystalTop-KV-narrow_cropped-768x283.webp 768w, https:\/\/limelight.baumit.com\/wp-content\/uploads\/BAUMIT-CrystalTop-KV-narrow_cropped-1536x565.webp 1536w, https:\/\/limelight.baumit.com\/wp-content\/uploads\/BAUMIT-CrystalTop-KV-narrow_cropped-2048x754.webp 2048w\" sizes=\"(max-width: 2560px) 100vw, 2560px\" \/><\/figure>\n                    <h2>Trendi biz belirliyoruz<\/h2>\n                    <p>Hi\u00e7 duymad\u0131n m\u0131?<br \/>\nBaumit CrystalSet hen\u00fcz gelmedi mi?<\/p>\n\n                    <a href=\"https:\/\/limelight.baumit.com\/tr\/artikel\/trendi-biz-belirliyoruz\/\">Daha fazla bilgi edinin<\/a>\n                <\/article><article class=\"grid-item\">\n                    <figure><img loading=\"lazy\" decoding=\"async\" width=\"1138\" height=\"793\" src=\"https:\/\/limelight.baumit.com\/wp-content\/uploads\/Baumit-Life-Color-App2-2.webp\" class=\"attachment-full size-full wp-post-image\" alt=\"\" srcset=\"https:\/\/limelight.baumit.com\/wp-content\/uploads\/Baumit-Life-Color-App2-2.webp 1138w, https:\/\/limelight.baumit.com\/wp-content\/uploads\/Baumit-Life-Color-App2-2-300x209.webp 300w, https:\/\/limelight.baumit.com\/wp-content\/uploads\/Baumit-Life-Color-App2-2-1024x714.webp 1024w, https:\/\/limelight.baumit.com\/wp-content\/uploads\/Baumit-Life-Color-App2-2-768x535.webp 768w\" sizes=\"(max-width: 1138px) 100vw, 1138px\" \/><\/figure>\n                    <h2>For Color Explorer<\/h2>\n                    <p>Avrupa'n\u0131n en b\u00fcy\u00fck renk sistemi daha da b\u00fcy\u00fck. Neden? Olduk\u00e7a basit \u00e7\u00fcnk\u00fc modaya uygunlar!<\/p>\n\n                    <a href=\"https:\/\/limelight.baumit.com\/tr\/artikel\/180-yasam-rengi-daha\/\">Daha fazla bilgi edinin<\/a>\n                <\/article><article class=\"grid-item\">\n                    <figure><img loading=\"lazy\" decoding=\"async\" width=\"697\" height=\"1052\" src=\"https:\/\/limelight.baumit.com\/wp-content\/uploads\/CZ_Zentrum.webp\" class=\"attachment-full size-full wp-post-image\" alt=\"\" srcset=\"https:\/\/limelight.baumit.com\/wp-content\/uploads\/CZ_Zentrum.webp 697w, https:\/\/limelight.baumit.com\/wp-content\/uploads\/CZ_Zentrum-199x300.webp 199w, https:\/\/limelight.baumit.com\/wp-content\/uploads\/CZ_Zentrum-678x1024.webp 678w\" sizes=\"(max-width: 697px) 100vw, 697px\" \/><\/figure>\n                    <h2>OLARAK BUNDAN MUTLULUK DUYUYORUZ<\/h2>\n                    <p>Brand\u00fds nad Labem'deki yeni yetkinlik merkezinin resmi a\u00e7\u0131l\u0131\u015f\u0131 Haziran 2022'de yap\u0131ld\u0131.<\/p>\n\n                    <a href=\"https:\/\/limelight.baumit.com\/tr\/artikel\/muekemmeliyet-merkezi-olarak-bir-pavyon\/\">Daha fazla bilgi edinin<\/a>\n                <\/article><article class=\"grid-item\">\n                    <figure><img loading=\"lazy\" decoding=\"async\" width=\"1023\" height=\"780\" src=\"https:\/\/limelight.baumit.com\/wp-content\/uploads\/Bildschirmfoto-2023-09-21-um-13.06.53.png\" class=\"attachment-full size-full wp-post-image\" alt=\"\" srcset=\"https:\/\/limelight.baumit.com\/wp-content\/uploads\/Bildschirmfoto-2023-09-21-um-13.06.53.png 1023w, https:\/\/limelight.baumit.com\/wp-content\/uploads\/Bildschirmfoto-2023-09-21-um-13.06.53-300x229.png 300w, https:\/\/limelight.baumit.com\/wp-content\/uploads\/Bildschirmfoto-2023-09-21-um-13.06.53-768x586.png 768w\" sizes=\"(max-width: 1023px) 100vw, 1023px\" \/><\/figure>\n                    <h2>Kutlad\u0131\u011f\u0131m\u0131z \u015fey<\/h2>\n                    <p>\u00c7ek pazar\u0131nda 30 y\u0131l ve 20 y\u0131l \"Y\u0131l\u0131n Cephesi\": Baumit \u00c7ek<br \/>\nCumhuriyeti Prag'daki Karlin Forumu'na davet edildi.<\/p>\n\n                    <a href=\"https:\/\/limelight.baumit.com\/tr\/artikel\/kutladigimiz-sey\/\">Daha fazla bilgi edinin<\/a>\n                <\/article><article class=\"grid-item\">\n                    <figure><img loading=\"lazy\" decoding=\"async\" width=\"619\" height=\"588\" src=\"https:\/\/limelight.baumit.com\/wp-content\/uploads\/Bauminator-Himmel_beitragsbild.webp\" class=\"attachment-full size-full wp-post-image\" alt=\"\" srcset=\"https:\/\/limelight.baumit.com\/wp-content\/uploads\/Bauminator-Himmel_beitragsbild.webp 619w, https:\/\/limelight.baumit.com\/wp-content\/uploads\/Bauminator-Himmel_beitragsbild-300x285.webp 300w\" sizes=\"(max-width: 619px) 100vw, 619px\" \/><\/figure>\n                    <h2>STAR HOUR BauMinator\u00ae<\/h2>\n                    <p>\u00dc\u00e7te bir oran\u0131nda daha az beton ve \u00e7elik.<br \/>\n25 daha az CO2. Kendi t\u00fcr\u00fcnde d\u00fcnyan\u0131n en b\u00fcy\u00fck tavan\u0131 i\u00e7in.<\/p>\n\n                    <a href=\"https:\/\/limelight.baumit.com\/tr\/artikel\/star-hour-bauminator\/\">Daha fazla bilgi edinin<\/a>\n                <\/article><article class=\"grid-item\">\n                    <figure><img loading=\"lazy\" decoding=\"async\" width=\"1040\" height=\"1358\" src=\"https:\/\/limelight.baumit.com\/wp-content\/uploads\/ausgabe-1-4.jpg\" class=\"attachment-full size-full wp-post-image\" alt=\"\" srcset=\"https:\/\/limelight.baumit.com\/wp-content\/uploads\/ausgabe-1-4.jpg 1040w, https:\/\/limelight.baumit.com\/wp-content\/uploads\/ausgabe-1-4-230x300.jpg 230w, https:\/\/limelight.baumit.com\/wp-content\/uploads\/ausgabe-1-4-784x1024.jpg 784w, https:\/\/limelight.baumit.com\/wp-content\/uploads\/ausgabe-1-4-768x1003.jpg 768w\" sizes=\"(max-width: 1040px) 100vw, 1040px\" \/><\/figure>\n                    <h2>Great Stories behind great buildings<\/h2>\n                    <p>Sadece in\u015faat malzemeleri de\u011fil, t\u00fcm binalar\u0131 \u00fcretiyoruz.  <\/p>\n\n                    <a href=\"https:\/\/limelight.baumit.com\/tr\/artikel\/great-stories-behind-great-buildings\/\">Daha fazla bilgi edinin<\/a>\n                <\/article><\/div>\t\t<\/div>\n\t\t\t\t<\/div>\n\t\t\t\t\t<\/div>\n\t\t<\/div>\n\t\t\t\t\t<\/div>\n\t\t<\/section>\n\t\t\t\t<\/div>\n\t\t","protected":false},"excerpt":{"rendered":"<p>Hedefler 2030 Birlikte onlara ula\u015fabiliriz. Unsere Vision einer nachhaltigen Zukunft Unabh\u00e4ngig von der Region oder dem Land, in dem wir arbeiten, wir alle haben ein Ziel vor Augen. Unsere Unternehmenswerte leiten uns auf dem Weg dorthin. Dieses Ziel ist unsere Vision. Weiter lesen Nachhaltig zu sein bedeutet f\u00fcr uns: heute f\u00fcr morgen handeln. Alle 24 [&hellip;]<\/p>\n","protected":false},"author":1,"featured_media":0,"parent":0,"menu_order":0,"comment_status":"closed","ping_status":"closed","template":"","meta":{"_acf_changed":false,"footnotes":""},"class_list":["post-4542","page","type-page","status-publish","hentry"],"acf":[],"_links":{"self":[{"href":"https:\/\/limelight.baumit.com\/tr\/wp-json\/wp\/v2\/pages\/4542","targetHints":{"allow":["GET"]}}],"collection":[{"href":"https:\/\/limelight.baumit.com\/tr\/wp-json\/wp\/v2\/pages"}],"about":[{"href":"https:\/\/limelight.baumit.com\/tr\/wp-json\/wp\/v2\/types\/page"}],"author":[{"embeddable":true,"href":"https:\/\/limelight.baumit.com\/tr\/wp-json\/wp\/v2\/users\/1"}],"replies":[{"embeddable":true,"href":"https:\/\/limelight.baumit.com\/tr\/wp-json\/wp\/v2\/comments?post=4542"}],"version-history":[{"count":3,"href":"https:\/\/limelight.baumit.com\/tr\/wp-json\/wp\/v2\/pages\/4542\/revisions"}],"predecessor-version":[{"id":4546,"href":"https:\/\/limelight.baumit.com\/tr\/wp-json\/wp\/v2\/pages\/4542\/revisions\/4546"}],"wp:attachment":[{"href":"https:\/\/limelight.baumit.com\/tr\/wp-json\/wp\/v2\/media?parent=4542"}],"curies":[{"name":"wp","href":"https:\/\/api.w.org\/{rel}","templated":true}]}}