{"id":7003,"date":"2024-03-11T09:59:26","date_gmt":"2024-03-11T08:59:26","guid":{"rendered":"https:\/\/limelight.baumit.com\/wydanie-1\/"},"modified":"2024-05-02T10:56:04","modified_gmt":"2024-05-02T08:56:04","slug":"wydanie-1","status":"publish","type":"page","link":"https:\/\/limelight.baumit.com\/pl\/","title":{"rendered":"Wydanie 1"},"content":{"rendered":"\t\t<div data-elementor-type=\"wp-page\" data-elementor-id=\"7003\" class=\"elementor elementor-7003 elementor-290\">\n\t\t\t\t\t\t<section class=\"elementor-section elementor-top-section elementor-element elementor-element-1edbb27d elementor-section-boxed elementor-section-height-default elementor-section-height-default\" data-id=\"1edbb27d\" data-element_type=\"section\" data-settings=\"{&quot;background_background&quot;:&quot;classic&quot;}\">\n\t\t\t\t\t\t<div class=\"elementor-container elementor-column-gap-default\">\n\t\t\t\t\t<div class=\"elementor-column elementor-col-100 elementor-top-column elementor-element elementor-element-67c4f54\" data-id=\"67c4f54\" data-element_type=\"column\" data-settings=\"{&quot;background_background&quot;:&quot;classic&quot;}\">\n\t\t\t<div class=\"elementor-widget-wrap elementor-element-populated\">\n\t\t\t\t\t\t<div class=\"elementor-element elementor-element-37c0082 elementor-widget elementor-widget-text-editor\" data-id=\"37c0082\" data-element_type=\"widget\" data-widget_type=\"text-editor.default\">\n\t\t\t\t<div class=\"elementor-widget-container\">\n\t\t\t<style>\/*! elementor - v3.21.0 - 15-04-2024 *\/\n.elementor-widget-text-editor.elementor-drop-cap-view-stacked .elementor-drop-cap{background-color:#69727d;color:#fff}.elementor-widget-text-editor.elementor-drop-cap-view-framed .elementor-drop-cap{color:#69727d;border:3px solid;background-color:transparent}.elementor-widget-text-editor:not(.elementor-drop-cap-view-default) .elementor-drop-cap{margin-top:8px}.elementor-widget-text-editor:not(.elementor-drop-cap-view-default) .elementor-drop-cap-letter{width:1em;height:1em}.elementor-widget-text-editor .elementor-drop-cap{float:left;text-align:center;line-height:1;font-size:50px}.elementor-widget-text-editor .elementor-drop-cap-letter{display:inline-block}<\/style>\t\t\t\t<p>Cele<\/p>\n\t\t\t\t\t\t<\/div>\n\t\t\t\t<\/div>\n\t\t\t\t<div class=\"elementor-element elementor-element-2a12fb24 elementor-widget elementor-widget-text-editor\" data-id=\"2a12fb24\" data-element_type=\"widget\" data-widget_type=\"text-editor.default\">\n\t\t\t\t<div class=\"elementor-widget-container\">\n\t\t\t\t\t\t\t<p>2030<\/p>\n\t\t\t\t\t\t<\/div>\n\t\t\t\t<\/div>\n\t\t\t\t<div class=\"elementor-element elementor-element-66758d31 elementor-widget__width-initial elementor-widget-mobile__width-inherit elementor-widget elementor-widget-text-editor\" data-id=\"66758d31\" data-element_type=\"widget\" data-widget_type=\"text-editor.default\">\n\t\t\t\t<div class=\"elementor-widget-container\">\n\t\t\t\t\t\t\t<p>Wsp\u00f3lnie mo\u017cemy to osi\u0105gn\u0105\u0107.<\/p>\n\t\t\t\t\t\t<\/div>\n\t\t\t\t<\/div>\n\t\t\t\t\t<\/div>\n\t\t<\/div>\n\t\t\t\t\t<\/div>\n\t\t<\/section>\n\t\t\t\t<section class=\"elementor-section elementor-top-section elementor-element elementor-element-3f99a2ed elementor-section-boxed elementor-section-height-default elementor-section-height-default\" data-id=\"3f99a2ed\" data-element_type=\"section\">\n\t\t\t\t\t\t<div class=\"elementor-container elementor-column-gap-default\">\n\t\t\t\t\t<div class=\"elementor-column elementor-col-100 elementor-top-column elementor-element elementor-element-28cebd8c\" data-id=\"28cebd8c\" data-element_type=\"column\">\n\t\t\t<div class=\"elementor-widget-wrap elementor-element-populated\">\n\t\t\t\t\t\t<div class=\"elementor-element elementor-element-74d5ff2b elementor-widget elementor-widget-seoc-articles\" data-id=\"74d5ff2b\" data-element_type=\"widget\" data-widget_type=\"seoc-articles.default\">\n\t\t\t\t<div class=\"elementor-widget-container\">\n\t\t\t<div class=\"seoc-articles-grid\"><div class=\"grid-sizer\"><\/div><div class=\"gutter-sizer\"><\/div><article class=\"grid-item\">\n                    <figure><img fetchpriority=\"high\" decoding=\"async\" width=\"2560\" height=\"1920\" src=\"https:\/\/limelight.baumit.com\/wp-content\/uploads\/DSF0078-scaled.webp\" class=\"attachment-full size-full wp-post-image\" alt=\"\" srcset=\"https:\/\/limelight.baumit.com\/wp-content\/uploads\/DSF0078-scaled.webp 2560w, https:\/\/limelight.baumit.com\/wp-content\/uploads\/DSF0078-300x225.webp 300w, https:\/\/limelight.baumit.com\/wp-content\/uploads\/DSF0078-1024x768.webp 1024w, https:\/\/limelight.baumit.com\/wp-content\/uploads\/DSF0078-768x576.webp 768w, https:\/\/limelight.baumit.com\/wp-content\/uploads\/DSF0078-1536x1152.webp 1536w, https:\/\/limelight.baumit.com\/wp-content\/uploads\/DSF0078-2048x1536.webp 2048w\" sizes=\"(max-width: 2560px) 100vw, 2560px\" \/><\/figure>\n                    <h2>Nasza wizja zr\u00f3wnowa\u017conej przysz\u0142o\u015bci<\/h2>\n                    <p>Niezale\u017cnie od obszaru lub kraju, w kt\u00f3rym pracujemy, Wszyscy mamy jeden cel. Kierujemy si\u0119 naszymi warto\u015bciami korporacyjnymi po drodze. Ten cel jest nasz\u0105 wizj\u0105.<\/p>\n\n                    <a href=\"https:\/\/limelight.baumit.com\/pl\/artikel\/nasza-wizja-zrownowazonej-przyszlosci\/\">Czytaj wi\u0119cej<\/a>\n                <\/article><article class=\"grid-item\">\n                    <figure><img decoding=\"async\" width=\"944\" height=\"388\" src=\"https:\/\/limelight.baumit.com\/wp-content\/uploads\/Go2morrowWelt-Kopie.webp\" class=\"attachment-full size-full wp-post-image\" alt=\"\" srcset=\"https:\/\/limelight.baumit.com\/wp-content\/uploads\/Go2morrowWelt-Kopie.webp 944w, https:\/\/limelight.baumit.com\/wp-content\/uploads\/Go2morrowWelt-Kopie-300x123.webp 300w, https:\/\/limelight.baumit.com\/wp-content\/uploads\/Go2morrowWelt-Kopie-768x316.webp 768w\" sizes=\"(max-width: 944px) 100vw, 944px\" \/><\/figure>\n                    <h2>Zr\u00f3wnowa\u017cony rozw\u00f3j to Go2morrow<\/h2>\n                    <p>Dla nas bycie zr\u00f3wnowa\u017conym oznacza dzia\u0142anie dzi\u015b z my\u015bl\u0105 o jutrze. Wszystkie 24 kraje razem. Aby jutro nasz \u015bwiat wci\u0105\u017c sta\u0142. Jednym s\u0142owem: GO2morrow<\/p>\n\n                    <a href=\"https:\/\/limelight.baumit.com\/pl\/artikel\/zrownowazony-rozwoj-to-go2morrow\/\">Czytaj wi\u0119cej<\/a>\n                <\/article><article class=\"grid-item\">\n                    <figure><img decoding=\"async\" width=\"510\" height=\"383\" src=\"https:\/\/limelight.baumit.com\/wp-content\/uploads\/Dorijan_Rajkovic_CEO_Baumit_Group_01.webp\" class=\"attachment-full size-full wp-post-image\" alt=\"\" srcset=\"https:\/\/limelight.baumit.com\/wp-content\/uploads\/Dorijan_Rajkovic_CEO_Baumit_Group_01.webp 510w, https:\/\/limelight.baumit.com\/wp-content\/uploads\/Dorijan_Rajkovic_CEO_Baumit_Group_01-300x225.webp 300w\" sizes=\"(max-width: 510px) 100vw, 510px\" \/><\/figure>\n                    <h2>Wywiad z Dorijanem Rajkoviciem,<\/h2>\n                    <p>dyrektor zarz\u0105dzaj\u0105cy Baumit International<\/p>\n\n                    <a href=\"https:\/\/limelight.baumit.com\/pl\/artikel\/wywiad-z-dorijanem-rajkoviciem\/\">Czytaj wi\u0119cej<\/a>\n                <\/article><article class=\"grid-item\">\n                    <figure><img loading=\"lazy\" decoding=\"async\" width=\"1761\" height=\"814\" src=\"https:\/\/limelight.baumit.com\/wp-content\/uploads\/BM_LimeLight_24_EN_RZ.webp\" class=\"attachment-full size-full wp-post-image\" alt=\"\" srcset=\"https:\/\/limelight.baumit.com\/wp-content\/uploads\/BM_LimeLight_24_EN_RZ.webp 1761w, https:\/\/limelight.baumit.com\/wp-content\/uploads\/BM_LimeLight_24_EN_RZ-300x139.webp 300w, https:\/\/limelight.baumit.com\/wp-content\/uploads\/BM_LimeLight_24_EN_RZ-1024x473.webp 1024w, https:\/\/limelight.baumit.com\/wp-content\/uploads\/BM_LimeLight_24_EN_RZ-768x355.webp 768w, https:\/\/limelight.baumit.com\/wp-content\/uploads\/BM_LimeLight_24_EN_RZ-1536x710.webp 1536w\" sizes=\"(max-width: 1761px) 100vw, 1761px\" \/><\/figure>\n                    <h2>Dzi\u015b w centrum uwagi<\/h2>\n                    <p>Dowiedz si\u0119, co motywuje i inspiruje naszych koleg\u00f3w.<\/p>\n\n                    <a href=\"https:\/\/limelight.baumit.com\/pl\/artikel\/dzis-w-centrum-uwagi\/\">Czytaj wi\u0119cej<\/a>\n                <\/article><article class=\"grid-item\">\n                    <figure><img loading=\"lazy\" decoding=\"async\" width=\"2560\" height=\"1440\" src=\"https:\/\/limelight.baumit.com\/wp-content\/uploads\/Wittenborn_das-Areal-bietet-Platz-und-Kapazitaeten-scaled.webp\" class=\"attachment-full size-full wp-post-image\" alt=\"\" srcset=\"https:\/\/limelight.baumit.com\/wp-content\/uploads\/Wittenborn_das-Areal-bietet-Platz-und-Kapazitaeten-scaled.webp 2560w, https:\/\/limelight.baumit.com\/wp-content\/uploads\/Wittenborn_das-Areal-bietet-Platz-und-Kapazitaeten-300x169.webp 300w, https:\/\/limelight.baumit.com\/wp-content\/uploads\/Wittenborn_das-Areal-bietet-Platz-und-Kapazitaeten-1024x576.webp 1024w, https:\/\/limelight.baumit.com\/wp-content\/uploads\/Wittenborn_das-Areal-bietet-Platz-und-Kapazitaeten-768x432.webp 768w, https:\/\/limelight.baumit.com\/wp-content\/uploads\/Wittenborn_das-Areal-bietet-Platz-und-Kapazitaeten-1536x864.webp 1536w, https:\/\/limelight.baumit.com\/wp-content\/uploads\/Wittenborn_das-Areal-bietet-Platz-und-Kapazitaeten-2048x1152.webp 2048w\" sizes=\"(max-width: 2560px) 100vw, 2560px\" \/><\/figure>\n                    <h2>Wiadomo\u015bci ze \u015bwiata naszej produkcji<\/h2>\n                    <p>Najnowocze\u015bniejsza technologia produkcji z widokiem na Szlezwik-Holsztyn z najwy\u017cszego budynku przemys\u0142owego w regionie.<\/p>\n\n                    <a href=\"https:\/\/limelight.baumit.com\/pl\/artikel\/wiadomosci-ze-swiata-naszej-produkcji\/\">Czytaj wi\u0119cej<\/a>\n                <\/article><\/div>\t\t<\/div>\n\t\t\t\t<\/div>\n\t\t\t\t\t<\/div>\n\t\t<\/div>\n\t\t\t\t\t<\/div>\n\t\t<\/section>\n\t\t\t\t<section class=\"elementor-section elementor-top-section elementor-element elementor-element-36892e45 elementor-section-boxed elementor-section-height-default elementor-section-height-default\" data-id=\"36892e45\" data-element_type=\"section\" data-settings=\"{&quot;background_background&quot;:&quot;classic&quot;}\">\n\t\t\t\t\t\t<div class=\"elementor-container elementor-column-gap-default\">\n\t\t\t\t\t<div class=\"elementor-column elementor-col-100 elementor-top-column elementor-element elementor-element-1f7ac6b2\" data-id=\"1f7ac6b2\" data-element_type=\"column\">\n\t\t\t<div class=\"elementor-widget-wrap elementor-element-populated\">\n\t\t\t\t\t\t<div class=\"elementor-element elementor-element-50215b11 elementor-widget elementor-widget-heading\" data-id=\"50215b11\" data-element_type=\"widget\" data-widget_type=\"heading.default\">\n\t\t\t\t<div class=\"elementor-widget-container\">\n\t\t\t<style>\/*! elementor - v3.21.0 - 15-04-2024 *\/\n.elementor-heading-title{padding:0;margin:0;line-height:1}.elementor-widget-heading .elementor-heading-title[class*=elementor-size-]>a{color:inherit;font-size:inherit;line-height:inherit}.elementor-widget-heading .elementor-heading-title.elementor-size-small{font-size:15px}.elementor-widget-heading .elementor-heading-title.elementor-size-medium{font-size:19px}.elementor-widget-heading .elementor-heading-title.elementor-size-large{font-size:29px}.elementor-widget-heading .elementor-heading-title.elementor-size-xl{font-size:39px}.elementor-widget-heading .elementor-heading-title.elementor-size-xxl{font-size:59px}<\/style><h2 class=\"elementor-heading-title elementor-size-default\">Aktualno\u015bci<\/h2>\t\t<\/div>\n\t\t\t\t<\/div>\n\t\t\t\t<div class=\"elementor-element elementor-element-2e51961c elementor-widget elementor-widget-seoc-post-carousel\" data-id=\"2e51961c\" data-element_type=\"widget\" data-widget_type=\"seoc-post-carousel.default\">\n\t\t\t\t<div class=\"elementor-widget-container\">\n\t\t\t<div class=\"seoc-posts-carousel\"><article>\n                    <figure><img loading=\"lazy\" decoding=\"async\" width=\"300\" height=\"200\" src=\"https:\/\/limelight.baumit.com\/wp-content\/uploads\/Baumit_BFK_Gaeste1-300x200.webp\" class=\"attachment-medium size-medium wp-post-image\" alt=\"\" srcset=\"https:\/\/limelight.baumit.com\/wp-content\/uploads\/Baumit_BFK_Gaeste1-300x200.webp 300w, https:\/\/limelight.baumit.com\/wp-content\/uploads\/Baumit_BFK_Gaeste1.webp 600w\" sizes=\"(max-width: 300px) 100vw, 300px\" \/><\/figure>\n                    <h3>KONGRES BUDOWLANY<\/h3>\n                    <p>Na wydarzenie przyby\u0142o 1250 go\u015bci, kt\u00f3rzy wykorzystali kongres do nawi\u0105zania kontakt\u00f3w w bran\u017cy budowlanej.<\/p>\n\n                    <a href=\"https:\/\/limelight.baumit.com\/pl\/kongres-budowlany\/\">Czytaj wi\u0119cej<\/a>\n                <\/article><article>\n                    <figure><img loading=\"lazy\" decoding=\"async\" width=\"300\" height=\"173\" src=\"https:\/\/limelight.baumit.com\/wp-content\/uploads\/beitrag-2-300x173.jpg\" class=\"attachment-medium size-medium wp-post-image\" alt=\"\" srcset=\"https:\/\/limelight.baumit.com\/wp-content\/uploads\/beitrag-2-300x173.jpg 300w, https:\/\/limelight.baumit.com\/wp-content\/uploads\/beitrag-2.jpg 480w\" sizes=\"(max-width: 300px) 100vw, 300px\" \/><\/figure>\n                    <h3>Cz\u0142onkostwo w EAE<\/h3>\n                    <p>EAE jest skr\u00f3tem od \"European Association for External Thermal Insulation Composite Systems\" (Europejskie Stowarzyszenie na rzecz Z\u0142o\u017conych System\u00f3w Zewn\u0119trznej Izolacji Termicznej).<\/p>\n\n                    <a href=\"https:\/\/limelight.baumit.com\/pl\/czlonkostwo-w-eae\/\">Czytaj wi\u0119cej<\/a>\n                <\/article><article>\n                    <figure><img loading=\"lazy\" decoding=\"async\" width=\"300\" height=\"200\" src=\"https:\/\/limelight.baumit.com\/wp-content\/uploads\/DSC4571_DSC4571-300x200.webp\" class=\"attachment-medium size-medium wp-post-image\" alt=\"\" srcset=\"https:\/\/limelight.baumit.com\/wp-content\/uploads\/DSC4571_DSC4571-300x200.webp 300w, https:\/\/limelight.baumit.com\/wp-content\/uploads\/DSC4571_DSC4571-1024x683.webp 1024w, https:\/\/limelight.baumit.com\/wp-content\/uploads\/DSC4571_DSC4571-768x512.webp 768w, https:\/\/limelight.baumit.com\/wp-content\/uploads\/DSC4571_DSC4571.webp 1377w\" sizes=\"(max-width: 300px) 100vw, 300px\" \/><\/figure>\n                    <h3>Targi<\/h3>\n                    <p>Po czteroletniej przerwie spowodowanej pandemi\u0105 koronawirusa, targi BAU odby\u0142y si\u0119 ponownie w Monachium w kwietniu 2023 roku.  <\/p>\n\n                    <a href=\"https:\/\/limelight.baumit.com\/pl\/targi\/\">Czytaj wi\u0119cej<\/a>\n                <\/article><article>\n                    <figure><img loading=\"lazy\" decoding=\"async\" width=\"300\" height=\"173\" src=\"https:\/\/limelight.baumit.com\/wp-content\/uploads\/betrag-4-300x173.jpg\" class=\"attachment-medium size-medium wp-post-image\" alt=\"\" srcset=\"https:\/\/limelight.baumit.com\/wp-content\/uploads\/betrag-4-300x173.jpg 300w, https:\/\/limelight.baumit.com\/wp-content\/uploads\/betrag-4.jpg 480w\" sizes=\"(max-width: 300px) 100vw, 300px\" \/><\/figure>\n                    <h3>Sport<\/h3>\n                    <p>Baumit Bosnien Herzegowina im Mini-Fu\u00dfball-Fieber<\/p>\n\n                    <a href=\"https:\/\/limelight.baumit.com\/pl\/sport\/\">Czytaj wi\u0119cej<\/a>\n                <\/article><\/div>\t\t<\/div>\n\t\t\t\t<\/div>\n\t\t\t\t\t<\/div>\n\t\t<\/div>\n\t\t\t\t\t<\/div>\n\t\t<\/section>\n\t\t\t\t<section class=\"elementor-section elementor-top-section elementor-element elementor-element-5a441013 elementor-section-boxed elementor-section-height-default elementor-section-height-default\" data-id=\"5a441013\" data-element_type=\"section\">\n\t\t\t\t\t\t<div class=\"elementor-container elementor-column-gap-default\">\n\t\t\t\t\t<div class=\"elementor-column elementor-col-100 elementor-top-column elementor-element elementor-element-2248eacf\" data-id=\"2248eacf\" data-element_type=\"column\">\n\t\t\t<div class=\"elementor-widget-wrap elementor-element-populated\">\n\t\t\t\t\t\t<div class=\"elementor-element elementor-element-5ab1a98e elementor-widget elementor-widget-seoc-articles\" data-id=\"5ab1a98e\" data-element_type=\"widget\" data-widget_type=\"seoc-articles.default\">\n\t\t\t\t<div class=\"elementor-widget-container\">\n\t\t\t<div class=\"seoc-articles-grid\"><div class=\"grid-sizer\"><\/div><div class=\"gutter-sizer\"><\/div><article class=\"grid-item\">\n                    <figure><img loading=\"lazy\" decoding=\"async\" width=\"858\" height=\"558\" src=\"https:\/\/limelight.baumit.com\/wp-content\/uploads\/Putties-Guy2.webp\" class=\"attachment-full size-full wp-post-image\" alt=\"\" srcset=\"https:\/\/limelight.baumit.com\/wp-content\/uploads\/Putties-Guy2.webp 858w, https:\/\/limelight.baumit.com\/wp-content\/uploads\/Putties-Guy2-300x195.webp 300w, https:\/\/limelight.baumit.com\/wp-content\/uploads\/Putties-Guy2-768x499.webp 768w\" sizes=\"(max-width: 858px) 100vw, 858px\" \/><\/figure>\n                    <h2>Experts always Finish First<\/h2>\n                    <p>Ka\u017cdy chce mie\u0107 dobry klimat w pomieszczeniu. W znacznym stopniu przyczyniaj\u0105 si\u0119 do tego mineralne tynki wewn\u0119trzne Baumit.<\/p>\n\n                    <a href=\"https:\/\/limelight.baumit.com\/pl\/artikel\/experts-always-finish-first\/\">Czytaj wi\u0119cej<\/a>\n                <\/article><article class=\"grid-item\">\n                    <figure><img loading=\"lazy\" decoding=\"async\" width=\"2560\" height=\"942\" src=\"https:\/\/limelight.baumit.com\/wp-content\/uploads\/BAUMIT-CrystalTop-KV-narrow_cropped-scaled.webp\" class=\"attachment-full size-full wp-post-image\" alt=\"\" srcset=\"https:\/\/limelight.baumit.com\/wp-content\/uploads\/BAUMIT-CrystalTop-KV-narrow_cropped-scaled.webp 2560w, https:\/\/limelight.baumit.com\/wp-content\/uploads\/BAUMIT-CrystalTop-KV-narrow_cropped-300x110.webp 300w, https:\/\/limelight.baumit.com\/wp-content\/uploads\/BAUMIT-CrystalTop-KV-narrow_cropped-1024x377.webp 1024w, https:\/\/limelight.baumit.com\/wp-content\/uploads\/BAUMIT-CrystalTop-KV-narrow_cropped-768x283.webp 768w, https:\/\/limelight.baumit.com\/wp-content\/uploads\/BAUMIT-CrystalTop-KV-narrow_cropped-1536x565.webp 1536w, https:\/\/limelight.baumit.com\/wp-content\/uploads\/BAUMIT-CrystalTop-KV-narrow_cropped-2048x754.webp 2048w\" sizes=\"(max-width: 2560px) 100vw, 2560px\" \/><\/figure>\n                    <h2>Wyznaczamy trend<\/h2>\n                    <p>Nie s\u0142ysza\u0142e\u015b o<br \/>\nBaumit CrystalSet?<\/p>\n\n                    <a href=\"https:\/\/limelight.baumit.com\/pl\/artikel\/wyznaczamy-trend\/\">Czytaj wi\u0119cej<\/a>\n                <\/article><article class=\"grid-item\">\n                    <figure><img loading=\"lazy\" decoding=\"async\" width=\"1138\" height=\"793\" src=\"https:\/\/limelight.baumit.com\/wp-content\/uploads\/Baumit-Life-Color-App2-2.webp\" class=\"attachment-full size-full wp-post-image\" alt=\"\" srcset=\"https:\/\/limelight.baumit.com\/wp-content\/uploads\/Baumit-Life-Color-App2-2.webp 1138w, https:\/\/limelight.baumit.com\/wp-content\/uploads\/Baumit-Life-Color-App2-2-300x209.webp 300w, https:\/\/limelight.baumit.com\/wp-content\/uploads\/Baumit-Life-Color-App2-2-1024x714.webp 1024w, https:\/\/limelight.baumit.com\/wp-content\/uploads\/Baumit-Life-Color-App2-2-768x535.webp 768w\" sizes=\"(max-width: 1138px) 100vw, 1138px\" \/><\/figure>\n                    <h2>Dla Color Explorer<\/h2>\n                    <p>W naszej nowej aplikacji Baumit po raz pierwszy wykorzystujemy sztuczn\u0105 inteligencj\u0119! To czyni nas dumnymi pionierami AI na fasadzie. Najlepiej wypr\u00f3bowa\u0107 go ju\u017c teraz!<\/p>\n\n                    <a href=\"https:\/\/limelight.baumit.com\/pl\/artikel\/dla-color-explorer\/\">Czytaj wi\u0119cej<\/a>\n                <\/article><article class=\"grid-item\">\n                    <figure><img loading=\"lazy\" decoding=\"async\" width=\"697\" height=\"1052\" src=\"https:\/\/limelight.baumit.com\/wp-content\/uploads\/CZ_Zentrum.webp\" class=\"attachment-full size-full wp-post-image\" alt=\"\" srcset=\"https:\/\/limelight.baumit.com\/wp-content\/uploads\/CZ_Zentrum.webp 697w, https:\/\/limelight.baumit.com\/wp-content\/uploads\/CZ_Zentrum-199x300.webp 199w, https:\/\/limelight.baumit.com\/wp-content\/uploads\/CZ_Zentrum-678x1024.webp 678w\" sizes=\"(max-width: 697px) 100vw, 697px\" \/><\/figure>\n                    <h2>Cieszymy si\u0119 z tego powodu<\/h2>\n                    <p>Nowe centrum kompetencyjne w Brand\u00fds nad Labem zosta\u0142o oficjalnie otwarte w czerwcu 2022 r. - w tym roku otrzyma\u0142o tytu\u0142 \"Budynku Roku 2023\".<\/p>\n\n                    <a href=\"https:\/\/limelight.baumit.com\/pl\/artikel\/cieszymy-sie-z-tego-powodu\/\">Czytaj wi\u0119cej<\/a>\n                <\/article><article class=\"grid-item\">\n                    <figure><img loading=\"lazy\" decoding=\"async\" width=\"1023\" height=\"780\" src=\"https:\/\/limelight.baumit.com\/wp-content\/uploads\/Bildschirmfoto-2023-09-21-um-13.06.53.png\" class=\"attachment-full size-full wp-post-image\" alt=\"\" srcset=\"https:\/\/limelight.baumit.com\/wp-content\/uploads\/Bildschirmfoto-2023-09-21-um-13.06.53.png 1023w, https:\/\/limelight.baumit.com\/wp-content\/uploads\/Bildschirmfoto-2023-09-21-um-13.06.53-300x229.png 300w, https:\/\/limelight.baumit.com\/wp-content\/uploads\/Bildschirmfoto-2023-09-21-um-13.06.53-768x586.png 768w\" sizes=\"(max-width: 1023px) 100vw, 1023px\" \/><\/figure>\n                    <h2>Co \u015bwi\u0119towali\u015bmy<\/h2>\n                    <p>30 lat na czeskim rynku i 20 lat \"Fasady Roku\": Baumit Czechy zaproszony na Forum Karlina w Pradze.<\/p>\n\n                    <a href=\"https:\/\/limelight.baumit.com\/pl\/artikel\/co-swietowalismy\/\">Czytaj wi\u0119cej<\/a>\n                <\/article><article class=\"grid-item\">\n                    <figure><img loading=\"lazy\" decoding=\"async\" width=\"1040\" height=\"1358\" src=\"https:\/\/limelight.baumit.com\/wp-content\/uploads\/ausgabe-1-4.jpg\" class=\"attachment-full size-full wp-post-image\" alt=\"\" srcset=\"https:\/\/limelight.baumit.com\/wp-content\/uploads\/ausgabe-1-4.jpg 1040w, https:\/\/limelight.baumit.com\/wp-content\/uploads\/ausgabe-1-4-230x300.jpg 230w, https:\/\/limelight.baumit.com\/wp-content\/uploads\/ausgabe-1-4-784x1024.jpg 784w, https:\/\/limelight.baumit.com\/wp-content\/uploads\/ausgabe-1-4-768x1003.jpg 768w\" sizes=\"(max-width: 1040px) 100vw, 1040px\" \/><\/figure>\n                    <h2>Great Stories behind great buildings<\/h2>\n                    <p>Nie produkujemy tylko materia\u0142\u00f3w budowlanych, ale ca\u0142e budynki.  <\/p>\n\n                    <a href=\"https:\/\/limelight.baumit.com\/pl\/artikel\/great-stories-behind-great-buildings\/\">Czytaj wi\u0119cej<\/a>\n                <\/article><article class=\"grid-item\">\n                    <figure><img loading=\"lazy\" decoding=\"async\" width=\"619\" height=\"588\" src=\"https:\/\/limelight.baumit.com\/wp-content\/uploads\/Bauminator-Himmel_beitragsbild.webp\" class=\"attachment-full size-full wp-post-image\" alt=\"\" srcset=\"https:\/\/limelight.baumit.com\/wp-content\/uploads\/Bauminator-Himmel_beitragsbild.webp 619w, https:\/\/limelight.baumit.com\/wp-content\/uploads\/Bauminator-Himmel_beitragsbild-300x285.webp 300w\" sizes=\"(max-width: 619px) 100vw, 619px\" \/><\/figure>\n                    <h2>STAR HOUR BauMinator\u00ae<\/h2>\n                    <p>O jedn\u0105 trzeci\u0105 mniej betonu i stali. 25% mniej CO2. Dla najwi\u0119kszego na \u015bwiecie sufitu tego typu.<\/p>\n\n                    <a href=\"https:\/\/limelight.baumit.com\/pl\/artikel\/star-hour-bauminator\/\">Czytaj wi\u0119cej<\/a>\n                <\/article><\/div>\t\t<\/div>\n\t\t\t\t<\/div>\n\t\t\t\t\t<\/div>\n\t\t<\/div>\n\t\t\t\t\t<\/div>\n\t\t<\/section>\n\t\t\t\t<\/div>\n\t\t","protected":false},"excerpt":{"rendered":"<p>Cele 2030 Wsp\u00f3lnie mo\u017cemy to osi\u0105gn\u0105\u0107. Our vision of a sustainable future Regardless of the area or country in which we work, we all have one goal in mind. Our corporate values guide us on the way there. This goal is our vision. Read more Sustainability is Go2morrow For us, being sustainable means acting today [&hellip;]<\/p>\n","protected":false},"author":1,"featured_media":0,"parent":0,"menu_order":0,"comment_status":"closed","ping_status":"closed","template":"","meta":{"_acf_changed":false,"footnotes":""},"class_list":["post-7003","page","type-page","status-publish","hentry"],"acf":[],"_links":{"self":[{"href":"https:\/\/limelight.baumit.com\/pl\/wp-json\/wp\/v2\/pages\/7003","targetHints":{"allow":["GET"]}}],"collection":[{"href":"https:\/\/limelight.baumit.com\/pl\/wp-json\/wp\/v2\/pages"}],"about":[{"href":"https:\/\/limelight.baumit.com\/pl\/wp-json\/wp\/v2\/types\/page"}],"author":[{"embeddable":true,"href":"https:\/\/limelight.baumit.com\/pl\/wp-json\/wp\/v2\/users\/1"}],"replies":[{"embeddable":true,"href":"https:\/\/limelight.baumit.com\/pl\/wp-json\/wp\/v2\/comments?post=7003"}],"version-history":[{"count":4,"href":"https:\/\/limelight.baumit.com\/pl\/wp-json\/wp\/v2\/pages\/7003\/revisions"}],"predecessor-version":[{"id":8378,"href":"https:\/\/limelight.baumit.com\/pl\/wp-json\/wp\/v2\/pages\/7003\/revisions\/8378"}],"wp:attachment":[{"href":"https:\/\/limelight.baumit.com\/pl\/wp-json\/wp\/v2\/media?parent=7003"}],"curies":[{"name":"wp","href":"https:\/\/api.w.org\/{rel}","templated":true}]}}