{"id":5789,"date":"2024-03-11T09:59:26","date_gmt":"2024-03-11T08:59:26","guid":{"rendered":"https:\/\/limelight.baumit.com\/1-kiadas\/"},"modified":"2024-05-02T10:54:56","modified_gmt":"2024-05-02T08:54:56","slug":"1-kiadas","status":"publish","type":"page","link":"https:\/\/limelight.baumit.com\/hu\/","title":{"rendered":"1. kiad\u00e1s"},"content":{"rendered":"\t\t<div data-elementor-type=\"wp-page\" data-elementor-id=\"5789\" class=\"elementor elementor-5789 elementor-290\">\n\t\t\t\t\t\t<section class=\"elementor-section elementor-top-section elementor-element elementor-element-1edbb27d elementor-section-boxed elementor-section-height-default elementor-section-height-default\" data-id=\"1edbb27d\" data-element_type=\"section\" data-settings=\"{&quot;background_background&quot;:&quot;classic&quot;}\">\n\t\t\t\t\t\t<div class=\"elementor-container elementor-column-gap-default\">\n\t\t\t\t\t<div class=\"elementor-column elementor-col-100 elementor-top-column elementor-element elementor-element-67c4f54\" data-id=\"67c4f54\" data-element_type=\"column\" data-settings=\"{&quot;background_background&quot;:&quot;classic&quot;}\">\n\t\t\t<div class=\"elementor-widget-wrap elementor-element-populated\">\n\t\t\t\t\t\t<div class=\"elementor-element elementor-element-37c0082 elementor-widget elementor-widget-text-editor\" data-id=\"37c0082\" data-element_type=\"widget\" data-widget_type=\"text-editor.default\">\n\t\t\t\t<div class=\"elementor-widget-container\">\n\t\t\t<style>\/*! elementor - v3.21.0 - 15-04-2024 *\/\n.elementor-widget-text-editor.elementor-drop-cap-view-stacked .elementor-drop-cap{background-color:#69727d;color:#fff}.elementor-widget-text-editor.elementor-drop-cap-view-framed .elementor-drop-cap{color:#69727d;border:3px solid;background-color:transparent}.elementor-widget-text-editor:not(.elementor-drop-cap-view-default) .elementor-drop-cap{margin-top:8px}.elementor-widget-text-editor:not(.elementor-drop-cap-view-default) .elementor-drop-cap-letter{width:1em;height:1em}.elementor-widget-text-editor .elementor-drop-cap{float:left;text-align:center;line-height:1;font-size:50px}.elementor-widget-text-editor .elementor-drop-cap-letter{display:inline-block}<\/style>\t\t\t\t<p>C\u00e9lok<\/p>\n\t\t\t\t\t\t<\/div>\n\t\t\t\t<\/div>\n\t\t\t\t<div class=\"elementor-element elementor-element-2a12fb24 elementor-widget elementor-widget-text-editor\" data-id=\"2a12fb24\" data-element_type=\"widget\" data-widget_type=\"text-editor.default\">\n\t\t\t\t<div class=\"elementor-widget-container\">\n\t\t\t\t\t\t\t<p>2030<\/p>\n\t\t\t\t\t\t<\/div>\n\t\t\t\t<\/div>\n\t\t\t\t<div class=\"elementor-element elementor-element-66758d31 elementor-widget__width-initial elementor-widget-mobile__width-inherit elementor-widget elementor-widget-text-editor\" data-id=\"66758d31\" data-element_type=\"widget\" data-widget_type=\"text-editor.default\">\n\t\t\t\t<div class=\"elementor-widget-container\">\n\t\t\t\t\t\t\t<p>Egy\u00fctt el\u00e9rhetj\u00fck \u0151ket.<\/p>\n\t\t\t\t\t\t<\/div>\n\t\t\t\t<\/div>\n\t\t\t\t\t<\/div>\n\t\t<\/div>\n\t\t\t\t\t<\/div>\n\t\t<\/section>\n\t\t\t\t<section class=\"elementor-section elementor-top-section elementor-element elementor-element-3f99a2ed elementor-section-boxed elementor-section-height-default elementor-section-height-default\" data-id=\"3f99a2ed\" data-element_type=\"section\">\n\t\t\t\t\t\t<div class=\"elementor-container elementor-column-gap-default\">\n\t\t\t\t\t<div class=\"elementor-column elementor-col-100 elementor-top-column elementor-element elementor-element-28cebd8c\" data-id=\"28cebd8c\" data-element_type=\"column\">\n\t\t\t<div class=\"elementor-widget-wrap elementor-element-populated\">\n\t\t\t\t\t\t<div class=\"elementor-element elementor-element-74d5ff2b elementor-widget elementor-widget-seoc-articles\" data-id=\"74d5ff2b\" data-element_type=\"widget\" data-widget_type=\"seoc-articles.default\">\n\t\t\t\t<div class=\"elementor-widget-container\">\n\t\t\t<div class=\"seoc-articles-grid\"><div class=\"grid-sizer\"><\/div><div class=\"gutter-sizer\"><\/div><article class=\"grid-item\">\n                    <figure><img fetchpriority=\"high\" decoding=\"async\" width=\"2560\" height=\"1920\" src=\"https:\/\/limelight.baumit.com\/wp-content\/uploads\/DSF0078-scaled.webp\" class=\"attachment-full size-full wp-post-image\" alt=\"\" srcset=\"https:\/\/limelight.baumit.com\/wp-content\/uploads\/DSF0078-scaled.webp 2560w, https:\/\/limelight.baumit.com\/wp-content\/uploads\/DSF0078-300x225.webp 300w, https:\/\/limelight.baumit.com\/wp-content\/uploads\/DSF0078-1024x768.webp 1024w, https:\/\/limelight.baumit.com\/wp-content\/uploads\/DSF0078-768x576.webp 768w, https:\/\/limelight.baumit.com\/wp-content\/uploads\/DSF0078-1536x1152.webp 1536w, https:\/\/limelight.baumit.com\/wp-content\/uploads\/DSF0078-2048x1536.webp 2048w\" sizes=\"(max-width: 2560px) 100vw, 2560px\" \/><\/figure>\n                    <h2>A FENNTARTHAT\u00d3 J\u00d6V\u0150R\u0150L ALKOTOTT ELK\u00c9PZEL\u00c9S\u00dcNK<\/h2>\n                    <p>F\u00fcggetlen\u00fcl att\u00f3l, hogy milyen ter\u00fcleten vagy orsz\u00e1gban dolgozunk, mindannyiunknak egy c\u00e9l lebeg a szeme el\u0151tt. V\u00e1llalati \u00e9rt\u00e9keink vez\u00e9relnek minket \u00fatk\u00f6zben. Ez a c\u00e9l a mi j\u00f6v\u0151k\u00e9p\u00fcnk.<\/p>\n\n                    <a href=\"https:\/\/limelight.baumit.com\/hu\/artikel\/fenntarthato-joevokepuenk\/\">Olvass tov\u00e1bb<\/a>\n                <\/article><article class=\"grid-item\">\n                    <figure><img decoding=\"async\" width=\"944\" height=\"388\" src=\"https:\/\/limelight.baumit.com\/wp-content\/uploads\/Go2morrowWelt-Kopie.webp\" class=\"attachment-full size-full wp-post-image\" alt=\"\" srcset=\"https:\/\/limelight.baumit.com\/wp-content\/uploads\/Go2morrowWelt-Kopie.webp 944w, https:\/\/limelight.baumit.com\/wp-content\/uploads\/Go2morrowWelt-Kopie-300x123.webp 300w, https:\/\/limelight.baumit.com\/wp-content\/uploads\/Go2morrowWelt-Kopie-768x316.webp 768w\" sizes=\"(max-width: 944px) 100vw, 944px\" \/><\/figure>\n                    <h2>A fenntarthat\u00f3s\u00e1g Go2morrow<\/h2>\n                    <p>Sz\u00e1munkra a fenntarthat\u00f3s\u00e1g azt jelenti, hogy ma a holnap\u00e9rt cseleksz\u00fcnk. Mind a 24 orsz\u00e1g egy\u00fctt. Hogy a vil\u00e1gunk holnap is \u00e1lljon. Egy sz\u00f3val: GO2morrow.  <\/p>\n\n                    <a href=\"https:\/\/limelight.baumit.com\/hu\/artikel\/a-fenntarthatosag-go2morrow\/\">Olvass tov\u00e1bb<\/a>\n                <\/article><article class=\"grid-item\">\n                    <figure><img decoding=\"async\" width=\"510\" height=\"383\" src=\"https:\/\/limelight.baumit.com\/wp-content\/uploads\/Dorijan_Rajkovic_CEO_Baumit_Group_01.webp\" class=\"attachment-full size-full wp-post-image\" alt=\"\" srcset=\"https:\/\/limelight.baumit.com\/wp-content\/uploads\/Dorijan_Rajkovic_CEO_Baumit_Group_01.webp 510w, https:\/\/limelight.baumit.com\/wp-content\/uploads\/Dorijan_Rajkovic_CEO_Baumit_Group_01-300x225.webp 300w\" sizes=\"(max-width: 510px) 100vw, 510px\" \/><\/figure>\n                    <h2>Interj\u00fa Dorijan Rajkovi\u0107csal,<\/h2>\n                    <p>a Baumit International \u00fcgyvezet\u0151 igazgat\u00f3ja<\/p>\n\n                    <a href=\"https:\/\/limelight.baumit.com\/hu\/artikel\/interju-dorijan-rajkoviccsal\/\">Olvass tov\u00e1bb<\/a>\n                <\/article><article class=\"grid-item\">\n                    <figure><img loading=\"lazy\" decoding=\"async\" width=\"1761\" height=\"814\" src=\"https:\/\/limelight.baumit.com\/wp-content\/uploads\/BM_LimeLight_24_EN_RZ.webp\" class=\"attachment-full size-full wp-post-image\" alt=\"\" srcset=\"https:\/\/limelight.baumit.com\/wp-content\/uploads\/BM_LimeLight_24_EN_RZ.webp 1761w, https:\/\/limelight.baumit.com\/wp-content\/uploads\/BM_LimeLight_24_EN_RZ-300x139.webp 300w, https:\/\/limelight.baumit.com\/wp-content\/uploads\/BM_LimeLight_24_EN_RZ-1024x473.webp 1024w, https:\/\/limelight.baumit.com\/wp-content\/uploads\/BM_LimeLight_24_EN_RZ-768x355.webp 768w, https:\/\/limelight.baumit.com\/wp-content\/uploads\/BM_LimeLight_24_EN_RZ-1536x710.webp 1536w\" sizes=\"(max-width: 1761px) 100vw, 1761px\" \/><\/figure>\n                    <h2>Ma a reflektorf\u00e9nyben<\/h2>\n                    <p>Tudja meg, mi motiv\u00e1lja \u00e9s inspir\u00e1lja koll\u00e9g\u00e1inkat.<\/p>\n\n                    <a href=\"https:\/\/limelight.baumit.com\/hu\/artikel\/ma-a-reflektorfenyben\/\">Olvass tov\u00e1bb<\/a>\n                <\/article><article class=\"grid-item\">\n                    <figure><img loading=\"lazy\" decoding=\"async\" width=\"2560\" height=\"1440\" src=\"https:\/\/limelight.baumit.com\/wp-content\/uploads\/Wittenborn_das-Areal-bietet-Platz-und-Kapazitaeten-scaled.webp\" class=\"attachment-full size-full wp-post-image\" alt=\"\" srcset=\"https:\/\/limelight.baumit.com\/wp-content\/uploads\/Wittenborn_das-Areal-bietet-Platz-und-Kapazitaeten-scaled.webp 2560w, https:\/\/limelight.baumit.com\/wp-content\/uploads\/Wittenborn_das-Areal-bietet-Platz-und-Kapazitaeten-300x169.webp 300w, https:\/\/limelight.baumit.com\/wp-content\/uploads\/Wittenborn_das-Areal-bietet-Platz-und-Kapazitaeten-1024x576.webp 1024w, https:\/\/limelight.baumit.com\/wp-content\/uploads\/Wittenborn_das-Areal-bietet-Platz-und-Kapazitaeten-768x432.webp 768w, https:\/\/limelight.baumit.com\/wp-content\/uploads\/Wittenborn_das-Areal-bietet-Platz-und-Kapazitaeten-1536x864.webp 1536w, https:\/\/limelight.baumit.com\/wp-content\/uploads\/Wittenborn_das-Areal-bietet-Platz-und-Kapazitaeten-2048x1152.webp 2048w\" sizes=\"(max-width: 2560px) 100vw, 2560px\" \/><\/figure>\n                    <h2>H\u00edrek a termel\u00e9s\u00fcnk vil\u00e1g\u00e1b\u00f3l<\/h2>\n                    <p>A legmodernebb gy\u00e1rt\u00e1si technol\u00f3gia a r\u00e9gi\u00f3 legmagasabb ipari \u00e9p\u00fclet\u00e9b\u0151l Schleswig-Holsteinre ny\u00edlik kil\u00e1t\u00e1s.<\/p>\n\n                    <a href=\"https:\/\/limelight.baumit.com\/hu\/artikel\/hirek-a-termelesuenk-vilagabol\/\">Olvass tov\u00e1bb<\/a>\n                <\/article><\/div>\t\t<\/div>\n\t\t\t\t<\/div>\n\t\t\t\t\t<\/div>\n\t\t<\/div>\n\t\t\t\t\t<\/div>\n\t\t<\/section>\n\t\t\t\t<section class=\"elementor-section elementor-top-section elementor-element elementor-element-36892e45 elementor-section-boxed elementor-section-height-default elementor-section-height-default\" data-id=\"36892e45\" data-element_type=\"section\" data-settings=\"{&quot;background_background&quot;:&quot;classic&quot;}\">\n\t\t\t\t\t\t<div class=\"elementor-container elementor-column-gap-default\">\n\t\t\t\t\t<div class=\"elementor-column elementor-col-100 elementor-top-column elementor-element elementor-element-1f7ac6b2\" data-id=\"1f7ac6b2\" data-element_type=\"column\">\n\t\t\t<div class=\"elementor-widget-wrap elementor-element-populated\">\n\t\t\t\t\t\t<div class=\"elementor-element elementor-element-50215b11 elementor-widget elementor-widget-heading\" data-id=\"50215b11\" data-element_type=\"widget\" data-widget_type=\"heading.default\">\n\t\t\t\t<div class=\"elementor-widget-container\">\n\t\t\t<style>\/*! elementor - v3.21.0 - 15-04-2024 *\/\n.elementor-heading-title{padding:0;margin:0;line-height:1}.elementor-widget-heading .elementor-heading-title[class*=elementor-size-]>a{color:inherit;font-size:inherit;line-height:inherit}.elementor-widget-heading .elementor-heading-title.elementor-size-small{font-size:15px}.elementor-widget-heading .elementor-heading-title.elementor-size-medium{font-size:19px}.elementor-widget-heading .elementor-heading-title.elementor-size-large{font-size:29px}.elementor-widget-heading .elementor-heading-title.elementor-size-xl{font-size:39px}.elementor-widget-heading .elementor-heading-title.elementor-size-xxl{font-size:59px}<\/style><h2 class=\"elementor-heading-title elementor-size-default\">H\u00edrek<\/h2>\t\t<\/div>\n\t\t\t\t<\/div>\n\t\t\t\t<div class=\"elementor-element elementor-element-2e51961c elementor-widget elementor-widget-seoc-post-carousel\" data-id=\"2e51961c\" data-element_type=\"widget\" data-widget_type=\"seoc-post-carousel.default\">\n\t\t\t\t<div class=\"elementor-widget-container\">\n\t\t\t<div class=\"seoc-posts-carousel\"><article>\n                    <figure><img loading=\"lazy\" decoding=\"async\" width=\"300\" height=\"200\" src=\"https:\/\/limelight.baumit.com\/wp-content\/uploads\/Baumit_BFK_Gaeste1-300x200.webp\" class=\"attachment-medium size-medium wp-post-image\" alt=\"\" srcset=\"https:\/\/limelight.baumit.com\/wp-content\/uploads\/Baumit_BFK_Gaeste1-300x200.webp 300w, https:\/\/limelight.baumit.com\/wp-content\/uploads\/Baumit_BFK_Gaeste1.webp 600w\" sizes=\"(max-width: 300px) 100vw, 300px\" \/><\/figure>\n                    <h3>\u00c9P\u00cdT\u0150IPARI KONGRESSZUS<\/h3>\n                    <p>A rendezv\u00e9nyre 1250 vend\u00e9g utazott el, akik a kongresszust az \u00e9p\u00edt\u0151ipar sz\u00e1m\u00e1ra t\u00f6rt\u00e9n\u0151 kapcsolat\u00e9p\u00edt\u00e9sre haszn\u00e1lt\u00e1k fel.<\/p>\n\n                    <a href=\"https:\/\/limelight.baumit.com\/hu\/epitoipari-kongresszus\/\">Olvass tov\u00e1bb<\/a>\n                <\/article><article>\n                    <figure><img loading=\"lazy\" decoding=\"async\" width=\"300\" height=\"173\" src=\"https:\/\/limelight.baumit.com\/wp-content\/uploads\/beitrag-2-300x173.jpg\" class=\"attachment-medium size-medium wp-post-image\" alt=\"\" srcset=\"https:\/\/limelight.baumit.com\/wp-content\/uploads\/beitrag-2-300x173.jpg 300w, https:\/\/limelight.baumit.com\/wp-content\/uploads\/beitrag-2.jpg 480w\" sizes=\"(max-width: 300px) 100vw, 300px\" \/><\/figure>\n                    <h3>EAE-tags\u00e1g<\/h3>\n                    <p>Az EAE a \"European Association for External Thermal Insulation Composite Systems\" r\u00f6vid\u00edt\u00e9se.<\/p>\n\n                    <a href=\"https:\/\/limelight.baumit.com\/hu\/eae-tagsag\/\">Olvass tov\u00e1bb<\/a>\n                <\/article><article>\n                    <figure><img loading=\"lazy\" decoding=\"async\" width=\"300\" height=\"200\" src=\"https:\/\/limelight.baumit.com\/wp-content\/uploads\/DSC4571_DSC4571-300x200.webp\" class=\"attachment-medium size-medium wp-post-image\" alt=\"\" srcset=\"https:\/\/limelight.baumit.com\/wp-content\/uploads\/DSC4571_DSC4571-300x200.webp 300w, https:\/\/limelight.baumit.com\/wp-content\/uploads\/DSC4571_DSC4571-1024x683.webp 1024w, https:\/\/limelight.baumit.com\/wp-content\/uploads\/DSC4571_DSC4571-768x512.webp 768w, https:\/\/limelight.baumit.com\/wp-content\/uploads\/DSC4571_DSC4571.webp 1377w\" sizes=\"(max-width: 300px) 100vw, 300px\" \/><\/figure>\n                    <h3>V\u00e1s\u00e1rok<\/h3>\n                    <p>A koronav\u00edrus vil\u00e1gj\u00e1rv\u00e1ny miatti n\u00e9gy\u00e9ves sz\u00fcnet ut\u00e1n 2023 \u00e1prilis\u00e1ban ism\u00e9t M\u00fcnchenben rendezt\u00e9k meg a BAU szakv\u00e1s\u00e1rt.  <\/p>\n\n                    <a href=\"https:\/\/limelight.baumit.com\/hu\/vasarok\/\">Olvass tov\u00e1bb<\/a>\n                <\/article><article>\n                    <figure><img loading=\"lazy\" decoding=\"async\" width=\"300\" height=\"173\" src=\"https:\/\/limelight.baumit.com\/wp-content\/uploads\/betrag-4-300x173.jpg\" class=\"attachment-medium size-medium wp-post-image\" alt=\"\" srcset=\"https:\/\/limelight.baumit.com\/wp-content\/uploads\/betrag-4-300x173.jpg 300w, https:\/\/limelight.baumit.com\/wp-content\/uploads\/betrag-4.jpg 480w\" sizes=\"(max-width: 300px) 100vw, 300px\" \/><\/figure>\n                    <h3>Sport<\/h3>\n                    <p>Baumit Bosnien Herzegowina im Mini-Fu\u00dfball-Fieber<\/p>\n\n                    <a href=\"https:\/\/limelight.baumit.com\/hu\/sport\/\">Olvass tov\u00e1bb<\/a>\n                <\/article><\/div>\t\t<\/div>\n\t\t\t\t<\/div>\n\t\t\t\t\t<\/div>\n\t\t<\/div>\n\t\t\t\t\t<\/div>\n\t\t<\/section>\n\t\t\t\t<section class=\"elementor-section elementor-top-section elementor-element elementor-element-5a441013 elementor-section-boxed elementor-section-height-default elementor-section-height-default\" data-id=\"5a441013\" data-element_type=\"section\">\n\t\t\t\t\t\t<div class=\"elementor-container elementor-column-gap-default\">\n\t\t\t\t\t<div class=\"elementor-column elementor-col-100 elementor-top-column elementor-element elementor-element-2248eacf\" data-id=\"2248eacf\" data-element_type=\"column\">\n\t\t\t<div class=\"elementor-widget-wrap elementor-element-populated\">\n\t\t\t\t\t\t<div class=\"elementor-element elementor-element-5ab1a98e elementor-widget elementor-widget-seoc-articles\" data-id=\"5ab1a98e\" data-element_type=\"widget\" data-widget_type=\"seoc-articles.default\">\n\t\t\t\t<div class=\"elementor-widget-container\">\n\t\t\t<div class=\"seoc-articles-grid\"><div class=\"grid-sizer\"><\/div><div class=\"gutter-sizer\"><\/div><article class=\"grid-item\">\n                    <figure><img loading=\"lazy\" decoding=\"async\" width=\"858\" height=\"558\" src=\"https:\/\/limelight.baumit.com\/wp-content\/uploads\/Putties-Guy2.webp\" class=\"attachment-full size-full wp-post-image\" alt=\"\" srcset=\"https:\/\/limelight.baumit.com\/wp-content\/uploads\/Putties-Guy2.webp 858w, https:\/\/limelight.baumit.com\/wp-content\/uploads\/Putties-Guy2-300x195.webp 300w, https:\/\/limelight.baumit.com\/wp-content\/uploads\/Putties-Guy2-768x499.webp 768w\" sizes=\"(max-width: 858px) 100vw, 858px\" \/><\/figure>\n                    <h2>Experts always Finish First<\/h2>\n                    <p>Mindenki j\u00f3 belt\u00e9ri kl\u00edm\u00e1t szeretne. A Baumit \u00e1sv\u00e1nyi belt\u00e9ri vakolatok jelent\u0151sen hozz\u00e1j\u00e1rulnak ehhez.<\/p>\n\n                    <a href=\"https:\/\/limelight.baumit.com\/hu\/artikel\/a-szakertok-mindig-elsokent-ernek-celba\/\">Olvass tov\u00e1bb<\/a>\n                <\/article><article class=\"grid-item\">\n                    <figure><img loading=\"lazy\" decoding=\"async\" width=\"2560\" height=\"942\" src=\"https:\/\/limelight.baumit.com\/wp-content\/uploads\/BAUMIT-CrystalTop-KV-narrow_cropped-scaled.webp\" class=\"attachment-full size-full wp-post-image\" alt=\"\" srcset=\"https:\/\/limelight.baumit.com\/wp-content\/uploads\/BAUMIT-CrystalTop-KV-narrow_cropped-scaled.webp 2560w, https:\/\/limelight.baumit.com\/wp-content\/uploads\/BAUMIT-CrystalTop-KV-narrow_cropped-300x110.webp 300w, https:\/\/limelight.baumit.com\/wp-content\/uploads\/BAUMIT-CrystalTop-KV-narrow_cropped-1024x377.webp 1024w, https:\/\/limelight.baumit.com\/wp-content\/uploads\/BAUMIT-CrystalTop-KV-narrow_cropped-768x283.webp 768w, https:\/\/limelight.baumit.com\/wp-content\/uploads\/BAUMIT-CrystalTop-KV-narrow_cropped-1536x565.webp 1536w, https:\/\/limelight.baumit.com\/wp-content\/uploads\/BAUMIT-CrystalTop-KV-narrow_cropped-2048x754.webp 2048w\" sizes=\"(max-width: 2560px) 100vw, 2560px\" \/><\/figure>\n                    <h2>Mi hat\u00e1rozzuk meg a trendet<\/h2>\n                    <p>Nem hallott\u00e1l m\u00e9g a<br \/>\nBaumit CrystalSet m\u00e9g?<\/p>\n\n                    <a href=\"https:\/\/limelight.baumit.com\/hu\/artikel\/mi-hatarozzuk-meg-a-trendet\/\">Olvass tov\u00e1bb<\/a>\n                <\/article><article class=\"grid-item\">\n                    <figure><img loading=\"lazy\" decoding=\"async\" width=\"1138\" height=\"793\" src=\"https:\/\/limelight.baumit.com\/wp-content\/uploads\/Baumit-Life-Color-App2-2.webp\" class=\"attachment-full size-full wp-post-image\" alt=\"\" srcset=\"https:\/\/limelight.baumit.com\/wp-content\/uploads\/Baumit-Life-Color-App2-2.webp 1138w, https:\/\/limelight.baumit.com\/wp-content\/uploads\/Baumit-Life-Color-App2-2-300x209.webp 300w, https:\/\/limelight.baumit.com\/wp-content\/uploads\/Baumit-Life-Color-App2-2-1024x714.webp 1024w, https:\/\/limelight.baumit.com\/wp-content\/uploads\/Baumit-Life-Color-App2-2-768x535.webp 768w\" sizes=\"(max-width: 1138px) 100vw, 1138px\" \/><\/figure>\n                    <h2>For Color Explorer<\/h2>\n                    <p>Az \u00faj Baumit homlokzati alkalmaz\u00e1sunkkal el\u0151sz\u00f6r haszn\u00e1lunk mesters\u00e9ges intelligenci\u00e1t! Ez\u00e1ltal b\u00fcszke \u00fatt\u00f6r\u0151k vagyunk a mesters\u00e9ges intelligencia homlokzat\u00e1n. A legjobb, ha most kipr\u00f3b\u00e1lod!<\/p>\n\n                    <a href=\"https:\/\/limelight.baumit.com\/hu\/artikel\/for-color-explorer\/\">Olvass tov\u00e1bb<\/a>\n                <\/article><article class=\"grid-item\">\n                    <figure><img loading=\"lazy\" decoding=\"async\" width=\"697\" height=\"1052\" src=\"https:\/\/limelight.baumit.com\/wp-content\/uploads\/CZ_Zentrum.webp\" class=\"attachment-full size-full wp-post-image\" alt=\"\" srcset=\"https:\/\/limelight.baumit.com\/wp-content\/uploads\/CZ_Zentrum.webp 697w, https:\/\/limelight.baumit.com\/wp-content\/uploads\/CZ_Zentrum-199x300.webp 199w, https:\/\/limelight.baumit.com\/wp-content\/uploads\/CZ_Zentrum-678x1024.webp 678w\" sizes=\"(max-width: 697px) 100vw, 697px\" \/><\/figure>\n                    <h2>\u00d6r\u00fcl\u00fcnk ennek<\/h2>\n                    <p>A Brand\u00fds nad Labemben tal\u00e1lhat\u00f3 \u00faj kompetenciak\u00f6zpontot 2022 j\u00fanius\u00e1ban adt\u00e1k \u00e1t hivatalosan - id\u00e9n elnyerte \"Az \u00e9v \u00e9p\u00fclete 2023\" c\u00edmet.<\/p>\n\n                    <a href=\"https:\/\/limelight.baumit.com\/hu\/artikel\/oerueluenk-ennek\/\">Olvass tov\u00e1bb<\/a>\n                <\/article><article class=\"grid-item\">\n                    <figure><img loading=\"lazy\" decoding=\"async\" width=\"1023\" height=\"780\" src=\"https:\/\/limelight.baumit.com\/wp-content\/uploads\/Bildschirmfoto-2023-09-21-um-13.06.53.png\" class=\"attachment-full size-full wp-post-image\" alt=\"\" srcset=\"https:\/\/limelight.baumit.com\/wp-content\/uploads\/Bildschirmfoto-2023-09-21-um-13.06.53.png 1023w, https:\/\/limelight.baumit.com\/wp-content\/uploads\/Bildschirmfoto-2023-09-21-um-13.06.53-300x229.png 300w, https:\/\/limelight.baumit.com\/wp-content\/uploads\/Bildschirmfoto-2023-09-21-um-13.06.53-768x586.png 768w\" sizes=\"(max-width: 1023px) 100vw, 1023px\" \/><\/figure>\n                    <h2>Mit \u00fcnnepelt\u00fcnk<\/h2>\n                    <p>30 \u00e9ve a cseh piacon \u00e9s 20 \u00e9ve \"Az \u00e9v homlokzata\": A Baumit Csehorsz\u00e1g megh\u00edv\u00e1st kapott a pr\u00e1gai Karlin F\u00f3rumra.<\/p>\n\n                    <a href=\"https:\/\/limelight.baumit.com\/hu\/artikel\/mit-uennepeltuenk\/\">Olvass tov\u00e1bb<\/a>\n                <\/article><article class=\"grid-item\">\n                    <figure><img loading=\"lazy\" decoding=\"async\" width=\"1040\" height=\"1358\" src=\"https:\/\/limelight.baumit.com\/wp-content\/uploads\/ausgabe-1-4.jpg\" class=\"attachment-full size-full wp-post-image\" alt=\"\" srcset=\"https:\/\/limelight.baumit.com\/wp-content\/uploads\/ausgabe-1-4.jpg 1040w, https:\/\/limelight.baumit.com\/wp-content\/uploads\/ausgabe-1-4-230x300.jpg 230w, https:\/\/limelight.baumit.com\/wp-content\/uploads\/ausgabe-1-4-784x1024.jpg 784w, https:\/\/limelight.baumit.com\/wp-content\/uploads\/ausgabe-1-4-768x1003.jpg 768w\" sizes=\"(max-width: 1040px) 100vw, 1040px\" \/><\/figure>\n                    <h2>Great Stories behind great buildings<\/h2>\n                    <p>Nem csak \u00e9p\u00edt\u0151anyagokat, hanem eg\u00e9sz \u00e9p\u00fcleteket gy\u00e1rtunk.  <\/p>\n\n                    <a href=\"https:\/\/limelight.baumit.com\/hu\/artikel\/great-stories-behind-great-buildings\/\">Olvass tov\u00e1bb<\/a>\n                <\/article><article class=\"grid-item\">\n                    <figure><img loading=\"lazy\" decoding=\"async\" width=\"619\" height=\"588\" src=\"https:\/\/limelight.baumit.com\/wp-content\/uploads\/Bauminator-Himmel_beitragsbild.webp\" class=\"attachment-full size-full wp-post-image\" alt=\"\" srcset=\"https:\/\/limelight.baumit.com\/wp-content\/uploads\/Bauminator-Himmel_beitragsbild.webp 619w, https:\/\/limelight.baumit.com\/wp-content\/uploads\/Bauminator-Himmel_beitragsbild-300x285.webp 300w\" sizes=\"(max-width: 619px) 100vw, 619px\" \/><\/figure>\n                    <h2>STAR HOUR BauMinator\u00ae<\/h2>\n                    <p>Harmad\u00e1val kevesebb beton \u00e9s ac\u00e9l. 25%-kal kevesebb CO2. A vil\u00e1g legnagyobb ilyen jelleg\u0171 mennyezet\u00e9re.<\/p>\n\n                    <a href=\"https:\/\/limelight.baumit.com\/hu\/artikel\/star-hour-bauminator\/\">Olvass tov\u00e1bb<\/a>\n                <\/article><\/div>\t\t<\/div>\n\t\t\t\t<\/div>\n\t\t\t\t\t<\/div>\n\t\t<\/div>\n\t\t\t\t\t<\/div>\n\t\t<\/section>\n\t\t\t\t<\/div>\n\t\t","protected":false},"excerpt":{"rendered":"<p>C\u00e9lok 2030 Egy\u00fctt el\u00e9rhetj\u00fck \u0151ket. Our vision of a sustainable future Regardless of the area or country in which we work, we all have one goal in mind. Our corporate values guide us on the way there. This goal is our vision. Read more Sustainability is Go2morrow For us, being sustainable means acting today for [&hellip;]<\/p>\n","protected":false},"author":1,"featured_media":0,"parent":0,"menu_order":0,"comment_status":"closed","ping_status":"closed","template":"","meta":{"_acf_changed":false,"footnotes":""},"class_list":["post-5789","page","type-page","status-publish","hentry"],"acf":[],"_links":{"self":[{"href":"https:\/\/limelight.baumit.com\/hu\/wp-json\/wp\/v2\/pages\/5789","targetHints":{"allow":["GET"]}}],"collection":[{"href":"https:\/\/limelight.baumit.com\/hu\/wp-json\/wp\/v2\/pages"}],"about":[{"href":"https:\/\/limelight.baumit.com\/hu\/wp-json\/wp\/v2\/types\/page"}],"author":[{"embeddable":true,"href":"https:\/\/limelight.baumit.com\/hu\/wp-json\/wp\/v2\/users\/1"}],"replies":[{"embeddable":true,"href":"https:\/\/limelight.baumit.com\/hu\/wp-json\/wp\/v2\/comments?post=5789"}],"version-history":[{"count":4,"href":"https:\/\/limelight.baumit.com\/hu\/wp-json\/wp\/v2\/pages\/5789\/revisions"}],"predecessor-version":[{"id":8377,"href":"https:\/\/limelight.baumit.com\/hu\/wp-json\/wp\/v2\/pages\/5789\/revisions\/8377"}],"wp:attachment":[{"href":"https:\/\/limelight.baumit.com\/hu\/wp-json\/wp\/v2\/media?parent=5789"}],"curies":[{"name":"wp","href":"https:\/\/api.w.org\/{rel}","templated":true}]}}