{"id":4483,"date":"2024-03-11T09:59:26","date_gmt":"2024-03-11T08:59:26","guid":{"rendered":"http:\/\/wordpress.p663189.webspaceconfig.de\/1-izdanje\/"},"modified":"2024-05-02T10:54:09","modified_gmt":"2024-05-02T08:54:09","slug":"1-izdanje","status":"publish","type":"page","link":"https:\/\/limelight.baumit.com\/hr\/","title":{"rendered":"1. izdanje"},"content":{"rendered":"\t\t<div data-elementor-type=\"wp-page\" data-elementor-id=\"4483\" class=\"elementor elementor-4483 elementor-175\">\n\t\t\t\t\t\t<section class=\"elementor-section elementor-top-section elementor-element elementor-element-1edbb27d elementor-section-boxed elementor-section-height-default elementor-section-height-default\" data-id=\"1edbb27d\" data-element_type=\"section\" data-settings=\"{&quot;background_background&quot;:&quot;classic&quot;}\">\n\t\t\t\t\t\t<div class=\"elementor-container elementor-column-gap-default\">\n\t\t\t\t\t<div class=\"elementor-column elementor-col-100 elementor-top-column elementor-element elementor-element-67c4f54\" data-id=\"67c4f54\" data-element_type=\"column\" data-settings=\"{&quot;background_background&quot;:&quot;classic&quot;}\">\n\t\t\t<div class=\"elementor-widget-wrap elementor-element-populated\">\n\t\t\t\t\t\t<div class=\"elementor-element elementor-element-37c0082 elementor-widget elementor-widget-text-editor\" data-id=\"37c0082\" data-element_type=\"widget\" data-widget_type=\"text-editor.default\">\n\t\t\t\t<div class=\"elementor-widget-container\">\n\t\t\t<style>\/*! elementor - v3.21.0 - 15-04-2024 *\/\n.elementor-widget-text-editor.elementor-drop-cap-view-stacked .elementor-drop-cap{background-color:#69727d;color:#fff}.elementor-widget-text-editor.elementor-drop-cap-view-framed .elementor-drop-cap{color:#69727d;border:3px solid;background-color:transparent}.elementor-widget-text-editor:not(.elementor-drop-cap-view-default) .elementor-drop-cap{margin-top:8px}.elementor-widget-text-editor:not(.elementor-drop-cap-view-default) .elementor-drop-cap-letter{width:1em;height:1em}.elementor-widget-text-editor .elementor-drop-cap{float:left;text-align:center;line-height:1;font-size:50px}.elementor-widget-text-editor .elementor-drop-cap-letter{display:inline-block}<\/style>\t\t\t\t<p>Ciljevi<\/p>\n\t\t\t\t\t\t<\/div>\n\t\t\t\t<\/div>\n\t\t\t\t<div class=\"elementor-element elementor-element-2a12fb24 elementor-widget elementor-widget-text-editor\" data-id=\"2a12fb24\" data-element_type=\"widget\" data-widget_type=\"text-editor.default\">\n\t\t\t\t<div class=\"elementor-widget-container\">\n\t\t\t\t\t\t\t<p>2030<\/p>\n\t\t\t\t\t\t<\/div>\n\t\t\t\t<\/div>\n\t\t\t\t<div class=\"elementor-element elementor-element-66758d31 elementor-widget__width-initial elementor-widget-mobile__width-inherit elementor-widget elementor-widget-text-editor\" data-id=\"66758d31\" data-element_type=\"widget\" data-widget_type=\"text-editor.default\">\n\t\t\t\t<div class=\"elementor-widget-container\">\n\t\t\t\t\t\t\t<p>Zajedno ih mo\u017eemo ostvariti.<\/p>\n\t\t\t\t\t\t<\/div>\n\t\t\t\t<\/div>\n\t\t\t\t\t<\/div>\n\t\t<\/div>\n\t\t\t\t\t<\/div>\n\t\t<\/section>\n\t\t\t\t<section class=\"elementor-section elementor-top-section elementor-element elementor-element-3f99a2ed elementor-section-boxed elementor-section-height-default elementor-section-height-default\" data-id=\"3f99a2ed\" data-element_type=\"section\">\n\t\t\t\t\t\t<div class=\"elementor-container elementor-column-gap-default\">\n\t\t\t\t\t<div class=\"elementor-column elementor-col-100 elementor-top-column elementor-element elementor-element-28cebd8c\" data-id=\"28cebd8c\" data-element_type=\"column\">\n\t\t\t<div class=\"elementor-widget-wrap elementor-element-populated\">\n\t\t\t\t\t\t<div class=\"elementor-element elementor-element-74d5ff2b elementor-widget elementor-widget-seoc-articles\" data-id=\"74d5ff2b\" data-element_type=\"widget\" data-widget_type=\"seoc-articles.default\">\n\t\t\t\t<div class=\"elementor-widget-container\">\n\t\t\t<div class=\"seoc-articles-grid\"><div class=\"grid-sizer\"><\/div><div class=\"gutter-sizer\"><\/div><article class=\"grid-item\">\n                    <figure><img fetchpriority=\"high\" decoding=\"async\" width=\"2560\" height=\"1920\" src=\"https:\/\/limelight.baumit.com\/wp-content\/uploads\/DSF0078-scaled.webp\" class=\"attachment-full size-full wp-post-image\" alt=\"\" srcset=\"https:\/\/limelight.baumit.com\/wp-content\/uploads\/DSF0078-scaled.webp 2560w, https:\/\/limelight.baumit.com\/wp-content\/uploads\/DSF0078-300x225.webp 300w, https:\/\/limelight.baumit.com\/wp-content\/uploads\/DSF0078-1024x768.webp 1024w, https:\/\/limelight.baumit.com\/wp-content\/uploads\/DSF0078-768x576.webp 768w, https:\/\/limelight.baumit.com\/wp-content\/uploads\/DSF0078-1536x1152.webp 1536w, https:\/\/limelight.baumit.com\/wp-content\/uploads\/DSF0078-2048x1536.webp 2048w\" sizes=\"(max-width: 2560px) 100vw, 2560px\" \/><\/figure>\n                    <h2>Na\u0161a vizija odr\u017eive budu\u0107nosti<\/h2>\n                    <p>Bez obzira na regiju ili zemlju u kojoj radimo, svi imamo cilj na umu. Na\u0161e korporativne vrijednosti nas vode na putu tamo. Ovaj cilj je na\u0161a vizija.<\/p>\n\n                    <a href=\"https:\/\/limelight.baumit.com\/hr\/artikel\/nasa-vizija-odrzive-buducnosti\/\">\u010citaj vi\u0161e<\/a>\n                <\/article><article class=\"grid-item\">\n                    <figure><img decoding=\"async\" width=\"944\" height=\"388\" src=\"https:\/\/limelight.baumit.com\/wp-content\/uploads\/Go2morrowWelt-Kopie.webp\" class=\"attachment-full size-full wp-post-image\" alt=\"\" srcset=\"https:\/\/limelight.baumit.com\/wp-content\/uploads\/Go2morrowWelt-Kopie.webp 944w, https:\/\/limelight.baumit.com\/wp-content\/uploads\/Go2morrowWelt-Kopie-300x123.webp 300w, https:\/\/limelight.baumit.com\/wp-content\/uploads\/Go2morrowWelt-Kopie-768x316.webp 768w\" sizes=\"(max-width: 944px) 100vw, 944px\" \/><\/figure>\n                    <h2>ODR\u017dIVOST JE Go2morrow<\/h2>\n                    <p>djelovati danas za sutra. Sve 24 zemlje zajedno. Tako da \u0107e na\u0161 svijet i sutra stajati. Jednom rije\u010dju: GO2morrow.<\/p>\n\n                    <a href=\"https:\/\/limelight.baumit.com\/hr\/artikel\/za-nas-biti-odrziv-znaci\/\">\u010citaj vi\u0161e<\/a>\n                <\/article><article class=\"grid-item\">\n                    <figure><img decoding=\"async\" width=\"510\" height=\"383\" src=\"https:\/\/limelight.baumit.com\/wp-content\/uploads\/Dorijan_Rajkovic_CEO_Baumit_Group_01.webp\" class=\"attachment-full size-full wp-post-image\" alt=\"\" srcset=\"https:\/\/limelight.baumit.com\/wp-content\/uploads\/Dorijan_Rajkovic_CEO_Baumit_Group_01.webp 510w, https:\/\/limelight.baumit.com\/wp-content\/uploads\/Dorijan_Rajkovic_CEO_Baumit_Group_01-300x225.webp 300w\" sizes=\"(max-width: 510px) 100vw, 510px\" \/><\/figure>\n                    <h2>Intervju s Dorijanom Rajkovi\u0107,<\/h2>\n                    <p>generalnog direktora Baumit International<\/p>\n\n                    <a href=\"https:\/\/limelight.baumit.com\/hr\/artikel\/intervju-dorijan-rajkovic\/\">\u010citaj vi\u0161e<\/a>\n                <\/article><article class=\"grid-item\">\n                    <figure><img loading=\"lazy\" decoding=\"async\" width=\"1761\" height=\"814\" src=\"https:\/\/limelight.baumit.com\/wp-content\/uploads\/BM_LimeLight_24_EN_RZ.webp\" class=\"attachment-full size-full wp-post-image\" alt=\"\" srcset=\"https:\/\/limelight.baumit.com\/wp-content\/uploads\/BM_LimeLight_24_EN_RZ.webp 1761w, https:\/\/limelight.baumit.com\/wp-content\/uploads\/BM_LimeLight_24_EN_RZ-300x139.webp 300w, https:\/\/limelight.baumit.com\/wp-content\/uploads\/BM_LimeLight_24_EN_RZ-1024x473.webp 1024w, https:\/\/limelight.baumit.com\/wp-content\/uploads\/BM_LimeLight_24_EN_RZ-768x355.webp 768w, https:\/\/limelight.baumit.com\/wp-content\/uploads\/BM_LimeLight_24_EN_RZ-1536x710.webp 1536w\" sizes=\"(max-width: 1761px) 100vw, 1761px\" \/><\/figure>\n                    <h2>Danas u \u017divotu<\/h2>\n                    <p>Saznajte \u0161to motivira i nadahnjuje na\u0161e kolege.<\/p>\n\n                    <a href=\"https:\/\/limelight.baumit.com\/hr\/artikel\/u-centru-paznje\/\">\u010citaj vi\u0161e<\/a>\n                <\/article><article class=\"grid-item\">\n                    <figure><img loading=\"lazy\" decoding=\"async\" width=\"2560\" height=\"1440\" src=\"https:\/\/limelight.baumit.com\/wp-content\/uploads\/Wittenborn_das-Areal-bietet-Platz-und-Kapazitaeten-scaled.webp\" class=\"attachment-full size-full wp-post-image\" alt=\"\" srcset=\"https:\/\/limelight.baumit.com\/wp-content\/uploads\/Wittenborn_das-Areal-bietet-Platz-und-Kapazitaeten-scaled.webp 2560w, https:\/\/limelight.baumit.com\/wp-content\/uploads\/Wittenborn_das-Areal-bietet-Platz-und-Kapazitaeten-300x169.webp 300w, https:\/\/limelight.baumit.com\/wp-content\/uploads\/Wittenborn_das-Areal-bietet-Platz-und-Kapazitaeten-1024x576.webp 1024w, https:\/\/limelight.baumit.com\/wp-content\/uploads\/Wittenborn_das-Areal-bietet-Platz-und-Kapazitaeten-768x432.webp 768w, https:\/\/limelight.baumit.com\/wp-content\/uploads\/Wittenborn_das-Areal-bietet-Platz-und-Kapazitaeten-1536x864.webp 1536w, https:\/\/limelight.baumit.com\/wp-content\/uploads\/Wittenborn_das-Areal-bietet-Platz-und-Kapazitaeten-2048x1152.webp 2048w\" sizes=\"(max-width: 2560px) 100vw, 2560px\" \/><\/figure>\n                    <h2>Novosti iz svijeta na\u0161e proizvodnje<\/h2>\n                    <p>Najsuvremenija proizvodna tehnologija s pogledom na Schleswig-Holstein s najvi\u0161e industrijske zgrade u regiji.<\/p>\n\n                    <a href=\"https:\/\/limelight.baumit.com\/hr\/artikel\/novosti-iz-svijeta-nase-proizvodnje\/\">\u010citaj vi\u0161e<\/a>\n                <\/article><\/div>\t\t<\/div>\n\t\t\t\t<\/div>\n\t\t\t\t\t<\/div>\n\t\t<\/div>\n\t\t\t\t\t<\/div>\n\t\t<\/section>\n\t\t\t\t<section class=\"elementor-section elementor-top-section elementor-element elementor-element-36892e45 elementor-section-boxed elementor-section-height-default elementor-section-height-default\" data-id=\"36892e45\" data-element_type=\"section\" data-settings=\"{&quot;background_background&quot;:&quot;classic&quot;}\">\n\t\t\t\t\t\t<div class=\"elementor-container elementor-column-gap-default\">\n\t\t\t\t\t<div class=\"elementor-column elementor-col-100 elementor-top-column elementor-element elementor-element-1f7ac6b2\" data-id=\"1f7ac6b2\" data-element_type=\"column\">\n\t\t\t<div class=\"elementor-widget-wrap elementor-element-populated\">\n\t\t\t\t\t\t<div class=\"elementor-element elementor-element-50215b11 elementor-widget elementor-widget-heading\" data-id=\"50215b11\" data-element_type=\"widget\" data-widget_type=\"heading.default\">\n\t\t\t\t<div class=\"elementor-widget-container\">\n\t\t\t<style>\/*! elementor - v3.21.0 - 15-04-2024 *\/\n.elementor-heading-title{padding:0;margin:0;line-height:1}.elementor-widget-heading .elementor-heading-title[class*=elementor-size-]>a{color:inherit;font-size:inherit;line-height:inherit}.elementor-widget-heading .elementor-heading-title.elementor-size-small{font-size:15px}.elementor-widget-heading .elementor-heading-title.elementor-size-medium{font-size:19px}.elementor-widget-heading .elementor-heading-title.elementor-size-large{font-size:29px}.elementor-widget-heading .elementor-heading-title.elementor-size-xl{font-size:39px}.elementor-widget-heading .elementor-heading-title.elementor-size-xxl{font-size:59px}<\/style><h2 class=\"elementor-heading-title elementor-size-default\">News<\/h2>\t\t<\/div>\n\t\t\t\t<\/div>\n\t\t\t\t<div class=\"elementor-element elementor-element-2e51961c elementor-widget elementor-widget-seoc-post-carousel\" data-id=\"2e51961c\" data-element_type=\"widget\" data-widget_type=\"seoc-post-carousel.default\">\n\t\t\t\t<div class=\"elementor-widget-container\">\n\t\t\t<div class=\"seoc-posts-carousel\"><article>\n                    <figure><img loading=\"lazy\" decoding=\"async\" width=\"300\" height=\"200\" src=\"https:\/\/limelight.baumit.com\/wp-content\/uploads\/Baumit_BFK_Gaeste1-300x200.webp\" class=\"attachment-medium size-medium wp-post-image\" alt=\"\" srcset=\"https:\/\/limelight.baumit.com\/wp-content\/uploads\/Baumit_BFK_Gaeste1-300x200.webp 300w, https:\/\/limelight.baumit.com\/wp-content\/uploads\/Baumit_BFK_Gaeste1.webp 600w\" sizes=\"(max-width: 300px) 100vw, 300px\" \/><\/figure>\n                    <h3>GRA\u0110EVINSKI KONGRES<\/h3>\n                    <p>1250 gostiju doputovalo je na doga\u0111aj i iskoristilo kongres za umre\u017eavanje za gra\u0111evinsku industriju.<\/p>\n\n                    <a href=\"https:\/\/limelight.baumit.com\/hr\/kongres\/\">\u010citaj vi\u0161e<\/a>\n                <\/article><article>\n                    <figure><img loading=\"lazy\" decoding=\"async\" width=\"300\" height=\"173\" src=\"https:\/\/limelight.baumit.com\/wp-content\/uploads\/beitrag-2-300x173.jpg\" class=\"attachment-medium size-medium wp-post-image\" alt=\"\" srcset=\"https:\/\/limelight.baumit.com\/wp-content\/uploads\/beitrag-2-300x173.jpg 300w, https:\/\/limelight.baumit.com\/wp-content\/uploads\/beitrag-2.jpg 480w\" sizes=\"(max-width: 300px) 100vw, 300px\" \/><\/figure>\n                    <h3>EAE-\u010dlanstvo<\/h3>\n                    <p>EAE je skra\u0107enica za \u201cEuropsko udru\u017eenje za kompozitne sustave vanjske toplinske izolacije\u201d.<\/p>\n\n                    <a href=\"https:\/\/limelight.baumit.com\/hr\/eae-clanstvo\/\">\u010citaj vi\u0161e<\/a>\n                <\/article><article>\n                    <figure><img loading=\"lazy\" decoding=\"async\" width=\"300\" height=\"200\" src=\"https:\/\/limelight.baumit.com\/wp-content\/uploads\/DSC4571_DSC4571-300x200.webp\" class=\"attachment-medium size-medium wp-post-image\" alt=\"\" srcset=\"https:\/\/limelight.baumit.com\/wp-content\/uploads\/DSC4571_DSC4571-300x200.webp 300w, https:\/\/limelight.baumit.com\/wp-content\/uploads\/DSC4571_DSC4571-1024x683.webp 1024w, https:\/\/limelight.baumit.com\/wp-content\/uploads\/DSC4571_DSC4571-768x512.webp 768w, https:\/\/limelight.baumit.com\/wp-content\/uploads\/DSC4571_DSC4571.webp 1377w\" sizes=\"(max-width: 300px) 100vw, 300px\" \/><\/figure>\n                    <h3>Trgova\u010dki sajmovi<\/h3>\n                    <p>Nakon \u010detiri godine pauze zbog pandemije koronavirusa, sajam BAU ponovno je odr\u017ean u M\u00fcnchenu u travnju 2023. godine. <\/p>\n\n                    <a href=\"https:\/\/limelight.baumit.com\/hr\/trgovacki-sajmovi\/\">\u010citaj vi\u0161e<\/a>\n                <\/article><article>\n                    <figure><img loading=\"lazy\" decoding=\"async\" width=\"300\" height=\"173\" src=\"https:\/\/limelight.baumit.com\/wp-content\/uploads\/betrag-4-300x173.jpg\" class=\"attachment-medium size-medium wp-post-image\" alt=\"\" srcset=\"https:\/\/limelight.baumit.com\/wp-content\/uploads\/betrag-4-300x173.jpg 300w, https:\/\/limelight.baumit.com\/wp-content\/uploads\/betrag-4.jpg 480w\" sizes=\"(max-width: 300px) 100vw, 300px\" \/><\/figure>\n                    <h3>Sport<\/h3>\n                    <p>Baumit Bosna i Hercegovina u malonogometnoj groznici<\/p>\n\n                    <a href=\"https:\/\/limelight.baumit.com\/hr\/sport\/\">\u010citaj vi\u0161e<\/a>\n                <\/article><\/div>\t\t<\/div>\n\t\t\t\t<\/div>\n\t\t\t\t\t<\/div>\n\t\t<\/div>\n\t\t\t\t\t<\/div>\n\t\t<\/section>\n\t\t\t\t<section class=\"elementor-section elementor-top-section elementor-element elementor-element-5a441013 elementor-section-boxed elementor-section-height-default elementor-section-height-default\" data-id=\"5a441013\" data-element_type=\"section\">\n\t\t\t\t\t\t<div class=\"elementor-container elementor-column-gap-default\">\n\t\t\t\t\t<div class=\"elementor-column elementor-col-100 elementor-top-column elementor-element elementor-element-2248eacf\" data-id=\"2248eacf\" data-element_type=\"column\">\n\t\t\t<div class=\"elementor-widget-wrap elementor-element-populated\">\n\t\t\t\t\t\t<div class=\"elementor-element elementor-element-5ab1a98e elementor-widget elementor-widget-seoc-articles\" data-id=\"5ab1a98e\" data-element_type=\"widget\" data-widget_type=\"seoc-articles.default\">\n\t\t\t\t<div class=\"elementor-widget-container\">\n\t\t\t<div class=\"seoc-articles-grid\"><div class=\"grid-sizer\"><\/div><div class=\"gutter-sizer\"><\/div><article class=\"grid-item\">\n                    <figure><img loading=\"lazy\" decoding=\"async\" width=\"858\" height=\"558\" src=\"https:\/\/limelight.baumit.com\/wp-content\/uploads\/Putties-Guy2.webp\" class=\"attachment-full size-full wp-post-image\" alt=\"\" srcset=\"https:\/\/limelight.baumit.com\/wp-content\/uploads\/Putties-Guy2.webp 858w, https:\/\/limelight.baumit.com\/wp-content\/uploads\/Putties-Guy2-300x195.webp 300w, https:\/\/limelight.baumit.com\/wp-content\/uploads\/Putties-Guy2-768x499.webp 768w\" sizes=\"(max-width: 858px) 100vw, 858px\" \/><\/figure>\n                    <h2>Experts always Finish First<\/h2>\n                    <p>Svatko \u017eeli imati dobru unutarnju klimu. Tome zna\u010dajno doprinose unutarnje mineralne \u017ebuke Baumit.<\/p>\n\n                    <a href=\"https:\/\/limelight.baumit.com\/hr\/artikel\/strucnjaci-uvijek-prvi-stignu\/\">\u010citaj vi\u0161e<\/a>\n                <\/article><article class=\"grid-item\">\n                    <figure><img loading=\"lazy\" decoding=\"async\" width=\"2560\" height=\"942\" src=\"https:\/\/limelight.baumit.com\/wp-content\/uploads\/BAUMIT-CrystalTop-KV-narrow_cropped-scaled.webp\" class=\"attachment-full size-full wp-post-image\" alt=\"\" srcset=\"https:\/\/limelight.baumit.com\/wp-content\/uploads\/BAUMIT-CrystalTop-KV-narrow_cropped-scaled.webp 2560w, https:\/\/limelight.baumit.com\/wp-content\/uploads\/BAUMIT-CrystalTop-KV-narrow_cropped-300x110.webp 300w, https:\/\/limelight.baumit.com\/wp-content\/uploads\/BAUMIT-CrystalTop-KV-narrow_cropped-1024x377.webp 1024w, https:\/\/limelight.baumit.com\/wp-content\/uploads\/BAUMIT-CrystalTop-KV-narrow_cropped-768x283.webp 768w, https:\/\/limelight.baumit.com\/wp-content\/uploads\/BAUMIT-CrystalTop-KV-narrow_cropped-1536x565.webp 1536w, https:\/\/limelight.baumit.com\/wp-content\/uploads\/BAUMIT-CrystalTop-KV-narrow_cropped-2048x754.webp 2048w\" sizes=\"(max-width: 2560px) 100vw, 2560px\" \/><\/figure>\n                    <h2>Mi postavljamo trend<\/h2>\n                    <p>Nikada niste \u010duli za to<br \/>\nBaumit CrystalSet ve\u0107?<\/p>\n\n                    <a href=\"https:\/\/limelight.baumit.com\/hr\/artikel\/mi-postavljamo-trend\/\">\u010citaj vi\u0161e<\/a>\n                <\/article><article class=\"grid-item\">\n                    <figure><img loading=\"lazy\" decoding=\"async\" width=\"1138\" height=\"793\" src=\"https:\/\/limelight.baumit.com\/wp-content\/uploads\/Baumit-Life-Color-App2-2.webp\" class=\"attachment-full size-full wp-post-image\" alt=\"\" srcset=\"https:\/\/limelight.baumit.com\/wp-content\/uploads\/Baumit-Life-Color-App2-2.webp 1138w, https:\/\/limelight.baumit.com\/wp-content\/uploads\/Baumit-Life-Color-App2-2-300x209.webp 300w, https:\/\/limelight.baumit.com\/wp-content\/uploads\/Baumit-Life-Color-App2-2-1024x714.webp 1024w, https:\/\/limelight.baumit.com\/wp-content\/uploads\/Baumit-Life-Color-App2-2-768x535.webp 768w\" sizes=\"(max-width: 1138px) 100vw, 1138px\" \/><\/figure>\n                    <h2>For Color Explorer<\/h2>\n                    <p>S na\u0161om novom Baumit aplikacijom za fasade po prvi put koristimo umjetnu inteligenciju! To nas \u010dini ponosnim pionirima za umjetnu inteligenciju na fasadi. Najbolje da ga odmah isprobate!<\/p>\n\n                    <a href=\"https:\/\/limelight.baumit.com\/hr\/artikel\/jos-180-zivotnih-boja\/\">\u010citaj vi\u0161e<\/a>\n                <\/article><article class=\"grid-item\">\n                    <figure><img loading=\"lazy\" decoding=\"async\" width=\"697\" height=\"1052\" src=\"https:\/\/limelight.baumit.com\/wp-content\/uploads\/CZ_Zentrum.webp\" class=\"attachment-full size-full wp-post-image\" alt=\"\" srcset=\"https:\/\/limelight.baumit.com\/wp-content\/uploads\/CZ_Zentrum.webp 697w, https:\/\/limelight.baumit.com\/wp-content\/uploads\/CZ_Zentrum-199x300.webp 199w, https:\/\/limelight.baumit.com\/wp-content\/uploads\/CZ_Zentrum-678x1024.webp 678w\" sizes=\"(max-width: 697px) 100vw, 697px\" \/><\/figure>\n                    <h2>Sretni smo zbog toga<\/h2>\n                    <p>Novi centar kompetencija u Brand\u00fdsu nad Labem slu\u017ebeno je otvorena u lipnju 2022. godine \u2013 ove je godine progla\u0161ena \u201cZgradom godine 2023\u201d.<\/p>\n\n                    <a href=\"https:\/\/limelight.baumit.com\/hr\/artikel\/paviljon-kao-centar-izvrsnosti\/\">\u010citaj vi\u0161e<\/a>\n                <\/article><article class=\"grid-item\">\n                    <figure><img loading=\"lazy\" decoding=\"async\" width=\"1023\" height=\"780\" src=\"https:\/\/limelight.baumit.com\/wp-content\/uploads\/Bildschirmfoto-2023-09-21-um-13.06.53.png\" class=\"attachment-full size-full wp-post-image\" alt=\"\" srcset=\"https:\/\/limelight.baumit.com\/wp-content\/uploads\/Bildschirmfoto-2023-09-21-um-13.06.53.png 1023w, https:\/\/limelight.baumit.com\/wp-content\/uploads\/Bildschirmfoto-2023-09-21-um-13.06.53-300x229.png 300w, https:\/\/limelight.baumit.com\/wp-content\/uploads\/Bildschirmfoto-2023-09-21-um-13.06.53-768x586.png 768w\" sizes=\"(max-width: 1023px) 100vw, 1023px\" \/><\/figure>\n                    <h2>\u0160to smo slavili<\/h2>\n                    <p>30 godina na \u010de\u0161kom tr\u017ei\u0161tu i 20 godina \u201cFasada godine\u201d: Baumit Czech Republika pozvana na Karlin Forum u Pragu.<\/p>\n\n                    <a href=\"https:\/\/limelight.baumit.com\/hr\/artikel\/sto-smo-slavili\/\">\u010citaj vi\u0161e<\/a>\n                <\/article><article class=\"grid-item\">\n                    <figure><img loading=\"lazy\" decoding=\"async\" width=\"619\" height=\"588\" src=\"https:\/\/limelight.baumit.com\/wp-content\/uploads\/Bauminator-Himmel_beitragsbild.webp\" class=\"attachment-full size-full wp-post-image\" alt=\"\" srcset=\"https:\/\/limelight.baumit.com\/wp-content\/uploads\/Bauminator-Himmel_beitragsbild.webp 619w, https:\/\/limelight.baumit.com\/wp-content\/uploads\/Bauminator-Himmel_beitragsbild-300x285.webp 300w\" sizes=\"(max-width: 619px) 100vw, 619px\" \/><\/figure>\n                    <h2>ZVJEZDANI SAT BauMinator\u00ae<\/h2>\n                    <p>Za tre\u0107inu manje betona i \u010delika.<br \/>\n25% manje CO2. Za najve\u0107i strop te vrste na svijetu.<\/p>\n\n                    <a href=\"https:\/\/limelight.baumit.com\/hr\/artikel\/zvjezdani-sat-bauminator\/\">\u010citaj vi\u0161e<\/a>\n                <\/article><article class=\"grid-item\">\n                    <figure><img loading=\"lazy\" decoding=\"async\" width=\"1040\" height=\"1358\" src=\"https:\/\/limelight.baumit.com\/wp-content\/uploads\/ausgabe-1-4.jpg\" class=\"attachment-full size-full wp-post-image\" alt=\"\" srcset=\"https:\/\/limelight.baumit.com\/wp-content\/uploads\/ausgabe-1-4.jpg 1040w, https:\/\/limelight.baumit.com\/wp-content\/uploads\/ausgabe-1-4-230x300.jpg 230w, https:\/\/limelight.baumit.com\/wp-content\/uploads\/ausgabe-1-4-784x1024.jpg 784w, https:\/\/limelight.baumit.com\/wp-content\/uploads\/ausgabe-1-4-768x1003.jpg 768w\" sizes=\"(max-width: 1040px) 100vw, 1040px\" \/><\/figure>\n                    <h2>Great Stories behind great buildings<\/h2>\n                    <p>Ne proizvodimo samo<br \/>\n  gra\u0111evnog materijala, ve\u0107 cijelih zgrada.  <\/p>\n\n                    <a href=\"https:\/\/limelight.baumit.com\/hr\/artikel\/sjajne-price-iza-velikih-zgrada\/\">\u010citaj vi\u0161e<\/a>\n                <\/article><\/div>\t\t<\/div>\n\t\t\t\t<\/div>\n\t\t\t\t\t<\/div>\n\t\t<\/div>\n\t\t\t\t\t<\/div>\n\t\t<\/section>\n\t\t\t\t<\/div>\n\t\t","protected":false},"excerpt":{"rendered":"<p>Ciljevi 2030 Zajedno ih mo\u017eemo ostvariti. Unsere Vision einer nachhaltigen Zukunft Ganz gleich, in welchem Bereich oder in welchem Land wir arbeiten, wir haben alle ein Ziel vor Augen. Auf dem Weg dorthin leiten uns unsere Unternehmenswerte. Dieses Ziel ist unsere Vision. Weiter lesen Nachhaltigkeit ist Go2morrow Nachhaltig sein hei\u00dft f\u00fcr uns: Wir handeln heute [&hellip;]<\/p>\n","protected":false},"author":1,"featured_media":0,"parent":0,"menu_order":0,"comment_status":"closed","ping_status":"closed","template":"","meta":{"_acf_changed":false,"footnotes":""},"class_list":["post-4483","page","type-page","status-publish","hentry"],"acf":[],"_links":{"self":[{"href":"https:\/\/limelight.baumit.com\/hr\/wp-json\/wp\/v2\/pages\/4483","targetHints":{"allow":["GET"]}}],"collection":[{"href":"https:\/\/limelight.baumit.com\/hr\/wp-json\/wp\/v2\/pages"}],"about":[{"href":"https:\/\/limelight.baumit.com\/hr\/wp-json\/wp\/v2\/types\/page"}],"author":[{"embeddable":true,"href":"https:\/\/limelight.baumit.com\/hr\/wp-json\/wp\/v2\/users\/1"}],"replies":[{"embeddable":true,"href":"https:\/\/limelight.baumit.com\/hr\/wp-json\/wp\/v2\/comments?post=4483"}],"version-history":[{"count":20,"href":"https:\/\/limelight.baumit.com\/hr\/wp-json\/wp\/v2\/pages\/4483\/revisions"}],"predecessor-version":[{"id":8376,"href":"https:\/\/limelight.baumit.com\/hr\/wp-json\/wp\/v2\/pages\/4483\/revisions\/8376"}],"wp:attachment":[{"href":"https:\/\/limelight.baumit.com\/hr\/wp-json\/wp\/v2\/media?parent=4483"}],"curies":[{"name":"wp","href":"https:\/\/api.w.org\/{rel}","templated":true}]}}