{"id":4501,"date":"2024-03-11T09:59:26","date_gmt":"2024-03-11T08:59:26","guid":{"rendered":"http:\/\/wordpress.p663189.webspaceconfig.de\/vydani-1\/"},"modified":"2024-05-02T10:51:48","modified_gmt":"2024-05-02T08:51:48","slug":"vydani-1","status":"publish","type":"page","link":"https:\/\/limelight.baumit.com\/cs\/","title":{"rendered":"Vyd\u00e1n\u00ed 1"},"content":{"rendered":"\t\t<div data-elementor-type=\"wp-page\" data-elementor-id=\"4501\" class=\"elementor elementor-4501 elementor-175\">\n\t\t\t\t\t\t<section class=\"elementor-section elementor-top-section elementor-element elementor-element-1edbb27d elementor-section-boxed elementor-section-height-default elementor-section-height-default\" data-id=\"1edbb27d\" data-element_type=\"section\" data-settings=\"{&quot;background_background&quot;:&quot;classic&quot;}\">\n\t\t\t\t\t\t<div class=\"elementor-container elementor-column-gap-default\">\n\t\t\t\t\t<div class=\"elementor-column elementor-col-100 elementor-top-column elementor-element elementor-element-67c4f54\" data-id=\"67c4f54\" data-element_type=\"column\" data-settings=\"{&quot;background_background&quot;:&quot;classic&quot;}\">\n\t\t\t<div class=\"elementor-widget-wrap elementor-element-populated\">\n\t\t\t\t\t\t<div class=\"elementor-element elementor-element-37c0082 elementor-widget elementor-widget-text-editor\" data-id=\"37c0082\" data-element_type=\"widget\" data-widget_type=\"text-editor.default\">\n\t\t\t\t<div class=\"elementor-widget-container\">\n\t\t\t<style>\/*! elementor - v3.21.0 - 15-04-2024 *\/\n.elementor-widget-text-editor.elementor-drop-cap-view-stacked .elementor-drop-cap{background-color:#69727d;color:#fff}.elementor-widget-text-editor.elementor-drop-cap-view-framed .elementor-drop-cap{color:#69727d;border:3px solid;background-color:transparent}.elementor-widget-text-editor:not(.elementor-drop-cap-view-default) .elementor-drop-cap{margin-top:8px}.elementor-widget-text-editor:not(.elementor-drop-cap-view-default) .elementor-drop-cap-letter{width:1em;height:1em}.elementor-widget-text-editor .elementor-drop-cap{float:left;text-align:center;line-height:1;font-size:50px}.elementor-widget-text-editor .elementor-drop-cap-letter{display:inline-block}<\/style>\t\t\t\t<p>C\u00edle<\/p>\n\t\t\t\t\t\t<\/div>\n\t\t\t\t<\/div>\n\t\t\t\t<div class=\"elementor-element elementor-element-2a12fb24 elementor-widget elementor-widget-text-editor\" data-id=\"2a12fb24\" data-element_type=\"widget\" data-widget_type=\"text-editor.default\">\n\t\t\t\t<div class=\"elementor-widget-container\">\n\t\t\t\t\t\t\t<p>2030<\/p>\n\t\t\t\t\t\t<\/div>\n\t\t\t\t<\/div>\n\t\t\t\t<div class=\"elementor-element elementor-element-66758d31 elementor-widget__width-initial elementor-widget-mobile__width-inherit elementor-widget elementor-widget-text-editor\" data-id=\"66758d31\" data-element_type=\"widget\" data-widget_type=\"text-editor.default\">\n\t\t\t\t<div class=\"elementor-widget-container\">\n\t\t\t\t\t\t\t<p>Spole\u010dn\u011b jich m\u016f\u017eeme dos\u00e1hnout.<\/p>\n\t\t\t\t\t\t<\/div>\n\t\t\t\t<\/div>\n\t\t\t\t\t<\/div>\n\t\t<\/div>\n\t\t\t\t\t<\/div>\n\t\t<\/section>\n\t\t\t\t<section class=\"elementor-section elementor-top-section elementor-element elementor-element-3f99a2ed elementor-section-boxed elementor-section-height-default elementor-section-height-default\" data-id=\"3f99a2ed\" data-element_type=\"section\">\n\t\t\t\t\t\t<div class=\"elementor-container elementor-column-gap-default\">\n\t\t\t\t\t<div class=\"elementor-column elementor-col-100 elementor-top-column elementor-element elementor-element-28cebd8c\" data-id=\"28cebd8c\" data-element_type=\"column\">\n\t\t\t<div class=\"elementor-widget-wrap elementor-element-populated\">\n\t\t\t\t\t\t<div class=\"elementor-element elementor-element-74d5ff2b elementor-widget elementor-widget-seoc-articles\" data-id=\"74d5ff2b\" data-element_type=\"widget\" data-widget_type=\"seoc-articles.default\">\n\t\t\t\t<div class=\"elementor-widget-container\">\n\t\t\t<div class=\"seoc-articles-grid\"><div class=\"grid-sizer\"><\/div><div class=\"gutter-sizer\"><\/div><article class=\"grid-item\">\n                    <figure><img fetchpriority=\"high\" decoding=\"async\" width=\"2560\" height=\"1920\" src=\"https:\/\/limelight.baumit.com\/wp-content\/uploads\/DSF0078-scaled.webp\" class=\"attachment-full size-full wp-post-image\" alt=\"\" srcset=\"https:\/\/limelight.baumit.com\/wp-content\/uploads\/DSF0078-scaled.webp 2560w, https:\/\/limelight.baumit.com\/wp-content\/uploads\/DSF0078-300x225.webp 300w, https:\/\/limelight.baumit.com\/wp-content\/uploads\/DSF0078-1024x768.webp 1024w, https:\/\/limelight.baumit.com\/wp-content\/uploads\/DSF0078-768x576.webp 768w, https:\/\/limelight.baumit.com\/wp-content\/uploads\/DSF0078-1536x1152.webp 1536w, https:\/\/limelight.baumit.com\/wp-content\/uploads\/DSF0078-2048x1536.webp 2048w\" sizes=\"(max-width: 2560px) 100vw, 2560px\" \/><\/figure>\n                    <h2>Na\u0161e vize udr\u017eiteln\u00e9 budoucnosti<\/h2>\n                    <p>Bez ohledu na region nebo zemi, ve kter\u00e9 pracujeme,<br \/>\nV\u0161ichni m\u00e1me na mysli n\u011bjak\u00fd c\u00edl. Na\u0161e firemn\u00ed hodnoty n\u00e1s vedou<br \/>\nna cest\u011b tam. Tento c\u00edl je na\u0161\u00ed viz\u00ed.<\/p>\n\n                    <a href=\"https:\/\/limelight.baumit.com\/cs\/artikel\/nase-vize-udrzitelne-budoucnosti\/\">P\u0159e\u010dt\u011bte si v\u00edce<\/a>\n                <\/article><article class=\"grid-item\">\n                    <figure><img decoding=\"async\" width=\"944\" height=\"388\" src=\"https:\/\/limelight.baumit.com\/wp-content\/uploads\/Go2morrowWelt-Kopie.webp\" class=\"attachment-full size-full wp-post-image\" alt=\"\" srcset=\"https:\/\/limelight.baumit.com\/wp-content\/uploads\/Go2morrowWelt-Kopie.webp 944w, https:\/\/limelight.baumit.com\/wp-content\/uploads\/Go2morrowWelt-Kopie-300x123.webp 300w, https:\/\/limelight.baumit.com\/wp-content\/uploads\/Go2morrowWelt-Kopie-768x316.webp 768w\" sizes=\"(max-width: 944px) 100vw, 944px\" \/><\/figure>\n                    <h2>Udr\u017eitelnost JE Go2morrow<\/h2>\n                    <p>B\u00fdt udr\u017eiteln\u00fd pro n\u00e1s znamen\u00e1 jednat dnes pro z\u00edt\u0159ek. V\u0161ech 24 zem\u00ed dohromady. Aby n\u00e1\u0161 sv\u011bt st\u00e1l i z\u00edtra. Jedn\u00edm slovem: GO2morrow. <\/p>\n\n                    <a href=\"https:\/\/limelight.baumit.com\/cs\/artikel\/byt-udrzitelny-pro-nas-znamena\/\">P\u0159e\u010dt\u011bte si v\u00edce<\/a>\n                <\/article><article class=\"grid-item\">\n                    <figure><img decoding=\"async\" width=\"510\" height=\"383\" src=\"https:\/\/limelight.baumit.com\/wp-content\/uploads\/Dorijan_Rajkovic_CEO_Baumit_Group_01.webp\" class=\"attachment-full size-full wp-post-image\" alt=\"\" srcset=\"https:\/\/limelight.baumit.com\/wp-content\/uploads\/Dorijan_Rajkovic_CEO_Baumit_Group_01.webp 510w, https:\/\/limelight.baumit.com\/wp-content\/uploads\/Dorijan_Rajkovic_CEO_Baumit_Group_01-300x225.webp 300w\" sizes=\"(max-width: 510px) 100vw, 510px\" \/><\/figure>\n                    <h2>Rozhovor s Dorijanem Rajkovi\u0107em,<\/h2>\n                    <p>gener\u00e1ln\u00ed \u0159editel spole\u010dnosti Baumit International<\/p>\n\n                    <a href=\"https:\/\/limelight.baumit.com\/cs\/artikel\/rozhovor-s-dorijanem-rajkovicem\/\">P\u0159e\u010dt\u011bte si v\u00edce<\/a>\n                <\/article><article class=\"grid-item\">\n                    <figure><img loading=\"lazy\" decoding=\"async\" width=\"1761\" height=\"814\" src=\"https:\/\/limelight.baumit.com\/wp-content\/uploads\/BM_LimeLight_24_EN_RZ.webp\" class=\"attachment-full size-full wp-post-image\" alt=\"\" srcset=\"https:\/\/limelight.baumit.com\/wp-content\/uploads\/BM_LimeLight_24_EN_RZ.webp 1761w, https:\/\/limelight.baumit.com\/wp-content\/uploads\/BM_LimeLight_24_EN_RZ-300x139.webp 300w, https:\/\/limelight.baumit.com\/wp-content\/uploads\/BM_LimeLight_24_EN_RZ-1024x473.webp 1024w, https:\/\/limelight.baumit.com\/wp-content\/uploads\/BM_LimeLight_24_EN_RZ-768x355.webp 768w, https:\/\/limelight.baumit.com\/wp-content\/uploads\/BM_LimeLight_24_EN_RZ-1536x710.webp 1536w\" sizes=\"(max-width: 1761px) 100vw, 1761px\" \/><\/figure>\n                    <h2>Dnes v centru pozornosti<\/h2>\n                    <p>Zjist\u011bte, co na\u0161e kolegy motivuje a inspiruje.<\/p>\n\n                    <a href=\"https:\/\/limelight.baumit.com\/cs\/artikel\/v-centru-pozornosti\/\">P\u0159e\u010dt\u011bte si v\u00edce<\/a>\n                <\/article><article class=\"grid-item\">\n                    <figure><img loading=\"lazy\" decoding=\"async\" width=\"2560\" height=\"1440\" src=\"https:\/\/limelight.baumit.com\/wp-content\/uploads\/Wittenborn_das-Areal-bietet-Platz-und-Kapazitaeten-scaled.webp\" class=\"attachment-full size-full wp-post-image\" alt=\"\" srcset=\"https:\/\/limelight.baumit.com\/wp-content\/uploads\/Wittenborn_das-Areal-bietet-Platz-und-Kapazitaeten-scaled.webp 2560w, https:\/\/limelight.baumit.com\/wp-content\/uploads\/Wittenborn_das-Areal-bietet-Platz-und-Kapazitaeten-300x169.webp 300w, https:\/\/limelight.baumit.com\/wp-content\/uploads\/Wittenborn_das-Areal-bietet-Platz-und-Kapazitaeten-1024x576.webp 1024w, https:\/\/limelight.baumit.com\/wp-content\/uploads\/Wittenborn_das-Areal-bietet-Platz-und-Kapazitaeten-768x432.webp 768w, https:\/\/limelight.baumit.com\/wp-content\/uploads\/Wittenborn_das-Areal-bietet-Platz-und-Kapazitaeten-1536x864.webp 1536w, https:\/\/limelight.baumit.com\/wp-content\/uploads\/Wittenborn_das-Areal-bietet-Platz-und-Kapazitaeten-2048x1152.webp 2048w\" sizes=\"(max-width: 2560px) 100vw, 2560px\" \/><\/figure>\n                    <h2>Novinky ze sv\u011bta na\u0161\u00ed v\u00fdroby<\/h2>\n                    <p>Nejmodern\u011bj\u0161\u00ed v\u00fdrobn\u00ed technologie s v\u00fdhledem na \u0160lesvicko-Hol\u0161t\u00fdnsko z nejvy\u0161\u0161\u00ed pr\u016fmyslov\u00e9 budovy v regionu.<\/p>\n\n                    <a href=\"https:\/\/limelight.baumit.com\/cs\/artikel\/novinky-ze-sveta-nasi-vyroby\/\">P\u0159e\u010dt\u011bte si v\u00edce<\/a>\n                <\/article><\/div>\t\t<\/div>\n\t\t\t\t<\/div>\n\t\t\t\t\t<\/div>\n\t\t<\/div>\n\t\t\t\t\t<\/div>\n\t\t<\/section>\n\t\t\t\t<section class=\"elementor-section elementor-top-section elementor-element elementor-element-36892e45 elementor-section-boxed elementor-section-height-default elementor-section-height-default\" data-id=\"36892e45\" data-element_type=\"section\" data-settings=\"{&quot;background_background&quot;:&quot;classic&quot;}\">\n\t\t\t\t\t\t<div class=\"elementor-container elementor-column-gap-default\">\n\t\t\t\t\t<div class=\"elementor-column elementor-col-100 elementor-top-column elementor-element elementor-element-1f7ac6b2\" data-id=\"1f7ac6b2\" data-element_type=\"column\">\n\t\t\t<div class=\"elementor-widget-wrap elementor-element-populated\">\n\t\t\t\t\t\t<div class=\"elementor-element elementor-element-50215b11 elementor-widget elementor-widget-heading\" data-id=\"50215b11\" data-element_type=\"widget\" data-widget_type=\"heading.default\">\n\t\t\t\t<div class=\"elementor-widget-container\">\n\t\t\t<style>\/*! elementor - v3.21.0 - 15-04-2024 *\/\n.elementor-heading-title{padding:0;margin:0;line-height:1}.elementor-widget-heading .elementor-heading-title[class*=elementor-size-]>a{color:inherit;font-size:inherit;line-height:inherit}.elementor-widget-heading .elementor-heading-title.elementor-size-small{font-size:15px}.elementor-widget-heading .elementor-heading-title.elementor-size-medium{font-size:19px}.elementor-widget-heading .elementor-heading-title.elementor-size-large{font-size:29px}.elementor-widget-heading .elementor-heading-title.elementor-size-xl{font-size:39px}.elementor-widget-heading .elementor-heading-title.elementor-size-xxl{font-size:59px}<\/style><h2 class=\"elementor-heading-title elementor-size-default\">News<\/h2>\t\t<\/div>\n\t\t\t\t<\/div>\n\t\t\t\t<div class=\"elementor-element elementor-element-2e51961c elementor-widget elementor-widget-seoc-post-carousel\" data-id=\"2e51961c\" data-element_type=\"widget\" data-widget_type=\"seoc-post-carousel.default\">\n\t\t\t\t<div class=\"elementor-widget-container\">\n\t\t\t<div class=\"seoc-posts-carousel\"><article>\n                    <figure><img loading=\"lazy\" decoding=\"async\" width=\"300\" height=\"200\" src=\"https:\/\/limelight.baumit.com\/wp-content\/uploads\/Baumit_BFK_Gaeste1-300x200.webp\" class=\"attachment-medium size-medium wp-post-image\" alt=\"\" srcset=\"https:\/\/limelight.baumit.com\/wp-content\/uploads\/Baumit_BFK_Gaeste1-300x200.webp 300w, https:\/\/limelight.baumit.com\/wp-content\/uploads\/Baumit_BFK_Gaeste1.webp 600w\" sizes=\"(max-width: 300px) 100vw, 300px\" \/><\/figure>\n                    <h3>STAVEBN\u00cd KONGRES<\/h3>\n                    <p>Na akci p\u0159ijelo 1 250 host\u016f, kte\u0159\u00ed kongres vyu\u017eili k nav\u00e1z\u00e1n\u00ed kontakt\u016f pro stavebnictv\u00ed.<\/p>\n\n                    <a href=\"https:\/\/limelight.baumit.com\/cs\/stavebni-kongres\/\">P\u0159e\u010dt\u011bte si v\u00edce<\/a>\n                <\/article><article>\n                    <figure><img loading=\"lazy\" decoding=\"async\" width=\"300\" height=\"173\" src=\"https:\/\/limelight.baumit.com\/wp-content\/uploads\/beitrag-2-300x173.jpg\" class=\"attachment-medium size-medium wp-post-image\" alt=\"\" srcset=\"https:\/\/limelight.baumit.com\/wp-content\/uploads\/beitrag-2-300x173.jpg 300w, https:\/\/limelight.baumit.com\/wp-content\/uploads\/beitrag-2.jpg 480w\" sizes=\"(max-width: 300px) 100vw, 300px\" \/><\/figure>\n                    <h3>\u010clenstv\u00ed v EAE<\/h3>\n                    <p>EAE je zkratka pro \"Evropsk\u00e9 sdru\u017een\u00ed pro vn\u011bj\u0161\u00ed tepeln\u011b izola\u010dn\u00ed kompozitn\u00ed syst\u00e9my\".<\/p>\n\n                    <a href=\"https:\/\/limelight.baumit.com\/cs\/clenstvi-v-eae\/\">P\u0159e\u010dt\u011bte si v\u00edce<\/a>\n                <\/article><article>\n                    <figure><img loading=\"lazy\" decoding=\"async\" width=\"300\" height=\"200\" src=\"https:\/\/limelight.baumit.com\/wp-content\/uploads\/DSC4571_DSC4571-300x200.webp\" class=\"attachment-medium size-medium wp-post-image\" alt=\"\" srcset=\"https:\/\/limelight.baumit.com\/wp-content\/uploads\/DSC4571_DSC4571-300x200.webp 300w, https:\/\/limelight.baumit.com\/wp-content\/uploads\/DSC4571_DSC4571-1024x683.webp 1024w, https:\/\/limelight.baumit.com\/wp-content\/uploads\/DSC4571_DSC4571-768x512.webp 768w, https:\/\/limelight.baumit.com\/wp-content\/uploads\/DSC4571_DSC4571.webp 1377w\" sizes=\"(max-width: 300px) 100vw, 300px\" \/><\/figure>\n                    <h3>OBCHODN\u00cd VELETRHY<\/h3>\n                    <p>Po \u010dty\u0159let\u00e9 p\u0159est\u00e1vce zp\u016fsoben\u00e9 pandemi\u00ed koronaviru se veletrh BAU konal v dubnu 2023 op\u011bt v Mnichov\u011b. <\/p>\n\n                    <a href=\"https:\/\/limelight.baumit.com\/cs\/obchodni-veletrhy\/\">P\u0159e\u010dt\u011bte si v\u00edce<\/a>\n                <\/article><article>\n                    <figure><img loading=\"lazy\" decoding=\"async\" width=\"300\" height=\"173\" src=\"https:\/\/limelight.baumit.com\/wp-content\/uploads\/betrag-4-300x173.jpg\" class=\"attachment-medium size-medium wp-post-image\" alt=\"\" srcset=\"https:\/\/limelight.baumit.com\/wp-content\/uploads\/betrag-4-300x173.jpg 300w, https:\/\/limelight.baumit.com\/wp-content\/uploads\/betrag-4.jpg 480w\" sizes=\"(max-width: 300px) 100vw, 300px\" \/><\/figure>\n                    <h3>Sport<\/h3>\n                    <p>Baumit Bosna a Hercegovina v minifotbalov\u00e9 hore\u010dce<\/p>\n\n                    <a href=\"https:\/\/limelight.baumit.com\/cs\/sport\/\">P\u0159e\u010dt\u011bte si v\u00edce<\/a>\n                <\/article><\/div>\t\t<\/div>\n\t\t\t\t<\/div>\n\t\t\t\t\t<\/div>\n\t\t<\/div>\n\t\t\t\t\t<\/div>\n\t\t<\/section>\n\t\t\t\t<section class=\"elementor-section elementor-top-section elementor-element elementor-element-5a441013 elementor-section-boxed elementor-section-height-default elementor-section-height-default\" data-id=\"5a441013\" data-element_type=\"section\">\n\t\t\t\t\t\t<div class=\"elementor-container elementor-column-gap-default\">\n\t\t\t\t\t<div class=\"elementor-column elementor-col-100 elementor-top-column elementor-element elementor-element-2248eacf\" data-id=\"2248eacf\" data-element_type=\"column\">\n\t\t\t<div class=\"elementor-widget-wrap elementor-element-populated\">\n\t\t\t\t\t\t<div class=\"elementor-element elementor-element-5ab1a98e elementor-widget elementor-widget-seoc-articles\" data-id=\"5ab1a98e\" data-element_type=\"widget\" data-widget_type=\"seoc-articles.default\">\n\t\t\t\t<div class=\"elementor-widget-container\">\n\t\t\t<div class=\"seoc-articles-grid\"><div class=\"grid-sizer\"><\/div><div class=\"gutter-sizer\"><\/div><article class=\"grid-item\">\n                    <figure><img loading=\"lazy\" decoding=\"async\" width=\"858\" height=\"558\" src=\"https:\/\/limelight.baumit.com\/wp-content\/uploads\/Putties-Guy2.webp\" class=\"attachment-full size-full wp-post-image\" alt=\"\" srcset=\"https:\/\/limelight.baumit.com\/wp-content\/uploads\/Putties-Guy2.webp 858w, https:\/\/limelight.baumit.com\/wp-content\/uploads\/Putties-Guy2-300x195.webp 300w, https:\/\/limelight.baumit.com\/wp-content\/uploads\/Putties-Guy2-768x499.webp 768w\" sizes=\"(max-width: 858px) 100vw, 858px\" \/><\/figure>\n                    <h2>Experts always  Finish First<\/h2>\n                    <p>N\u00e1\u0161 nov\u00fd Baumit Finish Expert p\u0159itahuje pozornost. Pastovit\u00e1 vyrovn\u00e1vac\u00ed hmota pro interi\u00e9ry se nan\u00e1\u0161\u00ed tak snadno a rychle, \u017ee jste t\u00e9m\u011b\u0159 hotovi, je\u0161t\u011b ne\u017e jste za\u010dali. Speci\u00e1ln\u00ed \u201eurychlova\u010d\u201c pracovn\u00edho procesu? The Easy Drop Effect! D\u00edky n\u011bmu se vyrovn\u00e1vac\u00ed hmota uvol\u0148uje z kbel\u00edku jakoby sama od sebe.<\/p>\n\n                    <a href=\"https:\/\/limelight.baumit.com\/cs\/artikel\/odbornici-vzdy-konci-jako-prvni\/\">P\u0159e\u010dt\u011bte si v\u00edce<\/a>\n                <\/article><article class=\"grid-item\">\n                    <figure><img loading=\"lazy\" decoding=\"async\" width=\"2560\" height=\"942\" src=\"https:\/\/limelight.baumit.com\/wp-content\/uploads\/BAUMIT-CrystalTop-KV-narrow_cropped-scaled.webp\" class=\"attachment-full size-full wp-post-image\" alt=\"\" srcset=\"https:\/\/limelight.baumit.com\/wp-content\/uploads\/BAUMIT-CrystalTop-KV-narrow_cropped-scaled.webp 2560w, https:\/\/limelight.baumit.com\/wp-content\/uploads\/BAUMIT-CrystalTop-KV-narrow_cropped-300x110.webp 300w, https:\/\/limelight.baumit.com\/wp-content\/uploads\/BAUMIT-CrystalTop-KV-narrow_cropped-1024x377.webp 1024w, https:\/\/limelight.baumit.com\/wp-content\/uploads\/BAUMIT-CrystalTop-KV-narrow_cropped-768x283.webp 768w, https:\/\/limelight.baumit.com\/wp-content\/uploads\/BAUMIT-CrystalTop-KV-narrow_cropped-1536x565.webp 1536w, https:\/\/limelight.baumit.com\/wp-content\/uploads\/BAUMIT-CrystalTop-KV-narrow_cropped-2048x754.webp 2048w\" sizes=\"(max-width: 2560px) 100vw, 2560px\" \/><\/figure>\n                    <h2>Ur\u010dujeme trend<\/h2>\n                    <p>Nikdy jste nesly\u0161eli o<br \/>\nBaumit CrystalSet u\u017e?<\/p>\n\n                    <a href=\"https:\/\/limelight.baumit.com\/cs\/artikel\/urcujeme-trend\/\">P\u0159e\u010dt\u011bte si v\u00edce<\/a>\n                <\/article><article class=\"grid-item\">\n                    <figure><img loading=\"lazy\" decoding=\"async\" width=\"1138\" height=\"793\" src=\"https:\/\/limelight.baumit.com\/wp-content\/uploads\/Baumit-Life-Color-App2-2.webp\" class=\"attachment-full size-full wp-post-image\" alt=\"\" srcset=\"https:\/\/limelight.baumit.com\/wp-content\/uploads\/Baumit-Life-Color-App2-2.webp 1138w, https:\/\/limelight.baumit.com\/wp-content\/uploads\/Baumit-Life-Color-App2-2-300x209.webp 300w, https:\/\/limelight.baumit.com\/wp-content\/uploads\/Baumit-Life-Color-App2-2-1024x714.webp 1024w, https:\/\/limelight.baumit.com\/wp-content\/uploads\/Baumit-Life-Color-App2-2-768x535.webp 768w\" sizes=\"(max-width: 1138px) 100vw, 1138px\" \/><\/figure>\n                    <h2>For Color Explorer<\/h2>\n                    <p>V na\u0161\u00ed nov\u00e9 aplikaci Baumit fas\u00e1da poprv\u00e9 vyu\u017e\u00edv\u00e1me um\u011blou inteligenci! Jsme tak hrd\u00fdmi pr\u016fkopn\u00edky um\u011bl\u00e9 inteligence na fas\u00e1d\u011b. Nejlep\u0161\u00ed je vyzkou\u0161et si ji hned!<\/p>\n\n                    <a href=\"https:\/\/limelight.baumit.com\/cs\/artikel\/180-zivotnich-barev-vice\/\">P\u0159e\u010dt\u011bte si v\u00edce<\/a>\n                <\/article><article class=\"grid-item\">\n                    <figure><img loading=\"lazy\" decoding=\"async\" width=\"697\" height=\"1052\" src=\"https:\/\/limelight.baumit.com\/wp-content\/uploads\/CZ_Zentrum.webp\" class=\"attachment-full size-full wp-post-image\" alt=\"\" srcset=\"https:\/\/limelight.baumit.com\/wp-content\/uploads\/CZ_Zentrum.webp 697w, https:\/\/limelight.baumit.com\/wp-content\/uploads\/CZ_Zentrum-199x300.webp 199w, https:\/\/limelight.baumit.com\/wp-content\/uploads\/CZ_Zentrum-678x1024.webp 678w\" sizes=\"(max-width: 697px) 100vw, 697px\" \/><\/figure>\n                    <h2>Z TOHO  M\u00c1ME RADOST<\/h2>\n                    <p>Nov\u00e9 kompeten\u010dn\u00ed centrum v Brand\u00fdse nad Labem bylo slavnostn\u011b otev\u0159eno v \u010dervnu 2022 \u2013 letos z\u00edskalo titul \u201eStavba roku 2023\u201c.<\/p>\n\n                    <a href=\"https:\/\/limelight.baumit.com\/cs\/artikel\/pavilon-jako-centrum-excelence\/\">P\u0159e\u010dt\u011bte si v\u00edce<\/a>\n                <\/article><article class=\"grid-item\">\n                    <figure><img loading=\"lazy\" decoding=\"async\" width=\"1023\" height=\"780\" src=\"https:\/\/limelight.baumit.com\/wp-content\/uploads\/Bildschirmfoto-2023-09-21-um-13.06.53.png\" class=\"attachment-full size-full wp-post-image\" alt=\"\" srcset=\"https:\/\/limelight.baumit.com\/wp-content\/uploads\/Bildschirmfoto-2023-09-21-um-13.06.53.png 1023w, https:\/\/limelight.baumit.com\/wp-content\/uploads\/Bildschirmfoto-2023-09-21-um-13.06.53-300x229.png 300w, https:\/\/limelight.baumit.com\/wp-content\/uploads\/Bildschirmfoto-2023-09-21-um-13.06.53-768x586.png 768w\" sizes=\"(max-width: 1023px) 100vw, 1023px\" \/><\/figure>\n                    <h2>Co jsme oslavili<\/h2>\n                    <p>30 let na \u010desk\u00e9m trhu a 20 let \"Fas\u00e1da roku\": Baumit Czech<br \/>\nRepublika pozv\u00e1na na Karl\u00ednsk\u00e9 f\u00f3rum v Praze.<\/p>\n\n                    <a href=\"https:\/\/limelight.baumit.com\/cs\/artikel\/co-jsme-oslavili\/\">P\u0159e\u010dt\u011bte si v\u00edce<\/a>\n                <\/article><article class=\"grid-item\">\n                    <figure><img loading=\"lazy\" decoding=\"async\" width=\"619\" height=\"588\" src=\"https:\/\/limelight.baumit.com\/wp-content\/uploads\/Bauminator-Himmel_beitragsbild.webp\" class=\"attachment-full size-full wp-post-image\" alt=\"\" srcset=\"https:\/\/limelight.baumit.com\/wp-content\/uploads\/Bauminator-Himmel_beitragsbild.webp 619w, https:\/\/limelight.baumit.com\/wp-content\/uploads\/Bauminator-Himmel_beitragsbild-300x285.webp 300w\" sizes=\"(max-width: 619px) 100vw, 619px\" \/><\/figure>\n                    <h2>HV\u011aZDN\u00c1 HODINA BauMinator\u00ae<\/h2>\n                    <p>O t\u0159etinu m\u00e9n\u011b betonu a oceli.<br \/>\nO 25 % m\u00e9n\u011b CO2. Pro nejv\u011bt\u0161\u00ed strop sv\u00e9ho druhu na sv\u011bt\u011b.<\/p>\n\n                    <a href=\"https:\/\/limelight.baumit.com\/cs\/artikel\/star-hour-bauminator\/\">P\u0159e\u010dt\u011bte si v\u00edce<\/a>\n                <\/article><article class=\"grid-item\">\n                    <figure><img loading=\"lazy\" decoding=\"async\" width=\"1040\" height=\"1358\" src=\"https:\/\/limelight.baumit.com\/wp-content\/uploads\/ausgabe-1-4.jpg\" class=\"attachment-full size-full wp-post-image\" alt=\"\" srcset=\"https:\/\/limelight.baumit.com\/wp-content\/uploads\/ausgabe-1-4.jpg 1040w, https:\/\/limelight.baumit.com\/wp-content\/uploads\/ausgabe-1-4-230x300.jpg 230w, https:\/\/limelight.baumit.com\/wp-content\/uploads\/ausgabe-1-4-784x1024.jpg 784w, https:\/\/limelight.baumit.com\/wp-content\/uploads\/ausgabe-1-4-768x1003.jpg 768w\" sizes=\"(max-width: 1040px) 100vw, 1040px\" \/><\/figure>\n                    <h2>Great Stories behind Great Buildings<\/h2>\n                    <p>Nevyr\u00e1b\u00edme jen stavebn\u00ed materi\u00e1ly, ale cel\u00e9 budovy.  <\/p>\n\n                    <a href=\"https:\/\/limelight.baumit.com\/cs\/artikel\/velke-pribehy-za-velkymi-budovami\/\">P\u0159e\u010dt\u011bte si v\u00edce<\/a>\n                <\/article><\/div>\t\t<\/div>\n\t\t\t\t<\/div>\n\t\t\t\t\t<\/div>\n\t\t<\/div>\n\t\t\t\t\t<\/div>\n\t\t<\/section>\n\t\t\t\t<\/div>\n\t\t","protected":false},"excerpt":{"rendered":"<p>C\u00edle 2030 Spole\u010dn\u011b jich m\u016f\u017eeme dos\u00e1hnout. Na\u0161e vize udr\u017eiteln\u00e9 budoucnosti Bez ohledu na region nebo zemi, ve kter\u00e9 pracujeme, V\u0161ichni m\u00e1me na mysli n\u011bjak\u00fd c\u00edl. Na\u0161e firemn\u00ed hodnoty n\u00e1s vedou na cest\u011b tam. Tento c\u00edl je na\u0161\u00ed viz\u00ed. Weiter lesen Udr\u017eitelnost JE Go2morrow B\u00fdt udr\u017eiteln\u00fd pro n\u00e1s znamen\u00e1 jednat dnes pro z\u00edt\u0159ek. V\u0161ech 24 zem\u00ed [&hellip;]<\/p>\n","protected":false},"author":1,"featured_media":0,"parent":0,"menu_order":0,"comment_status":"closed","ping_status":"closed","template":"","meta":{"_acf_changed":false,"footnotes":""},"class_list":["post-4501","page","type-page","status-publish","hentry"],"acf":[],"_links":{"self":[{"href":"https:\/\/limelight.baumit.com\/cs\/wp-json\/wp\/v2\/pages\/4501","targetHints":{"allow":["GET"]}}],"collection":[{"href":"https:\/\/limelight.baumit.com\/cs\/wp-json\/wp\/v2\/pages"}],"about":[{"href":"https:\/\/limelight.baumit.com\/cs\/wp-json\/wp\/v2\/types\/page"}],"author":[{"embeddable":true,"href":"https:\/\/limelight.baumit.com\/cs\/wp-json\/wp\/v2\/users\/1"}],"replies":[{"embeddable":true,"href":"https:\/\/limelight.baumit.com\/cs\/wp-json\/wp\/v2\/comments?post=4501"}],"version-history":[{"count":14,"href":"https:\/\/limelight.baumit.com\/cs\/wp-json\/wp\/v2\/pages\/4501\/revisions"}],"predecessor-version":[{"id":8375,"href":"https:\/\/limelight.baumit.com\/cs\/wp-json\/wp\/v2\/pages\/4501\/revisions\/8375"}],"wp:attachment":[{"href":"https:\/\/limelight.baumit.com\/cs\/wp-json\/wp\/v2\/media?parent=4501"}],"curies":[{"name":"wp","href":"https:\/\/api.w.org\/{rel}","templated":true}]}}